{"id":16740,"date":"2022-10-31T14:52:39","date_gmt":"2022-10-31T14:52:39","guid":{"rendered":"https:\/\/biogaia.pt\/da-confirmacao\/"},"modified":"2024-06-06T09:19:54","modified_gmt":"2024-06-06T09:19:54","slug":"da-confirmacao","status":"publish","type":"page","link":"https:\/\/biogaia.pt\/pt-pt\/da-confirmacao\/","title":{"rendered":"D\u00e1 &#8211; Confirma\u00e7\u00e3o"},"content":{"rendered":"\t\t<div data-elementor-type=\"wp-page\" data-elementor-id=\"16740\" class=\"elementor elementor-16740 elementor-12317\" data-elementor-post-type=\"page\">\n\t\t\t\t\t\t<section class=\"elementor-section elementor-top-section elementor-element elementor-element-70fe58b elementor-section-stretched elementor-section-content-middle elementor-section-boxed elementor-section-height-default elementor-section-height-default\" data-id=\"70fe58b\" data-element_type=\"section\" data-settings=\"{&quot;stretch_section&quot;:&quot;section-stretched&quot;,&quot;background_background&quot;:&quot;classic&quot;}\">\n\t\t\t\t\t\t\t<div class=\"elementor-background-overlay\"><\/div>\n\t\t\t\t\t\t\t<div class=\"elementor-container elementor-column-gap-default\">\n\t\t\t\t\t<div class=\"elementor-column elementor-col-100 elementor-top-column elementor-element elementor-element-88893b4\" data-id=\"88893b4\" data-element_type=\"column\">\n\t\t\t<div class=\"elementor-widget-wrap elementor-element-populated\">\n\t\t\t\t\t\t<div class=\"elementor-element elementor-element-4363654c elementor-widget elementor-widget-heading\" data-id=\"4363654c\" data-element_type=\"widget\" data-widget_type=\"heading.default\">\n\t\t\t\t<div class=\"elementor-widget-container\">\n\t\t\t\t\t<h1 class=\"elementor-heading-title elementor-size-default\">Doa\u00e7\u00f5es - Confirma\u00e7\u00e3o<\/h1>\t\t\t\t<\/div>\n\t\t\t\t<\/div>\n\t\t\t\t\t<\/div>\n\t\t<\/div>\n\t\t\t\t\t<\/div>\n\t\t<\/section>\n\t\t\t\t<section class=\"elementor-section elementor-top-section elementor-element elementor-element-51962ac elementor-section-stretched elementor-section-boxed elementor-section-height-default elementor-section-height-default\" data-id=\"51962ac\" data-element_type=\"section\" data-settings=\"{&quot;stretch_section&quot;:&quot;section-stretched&quot;}\">\n\t\t\t\t\t\t<div class=\"elementor-container elementor-column-gap-default\">\n\t\t\t\t\t<div class=\"elementor-column elementor-col-100 elementor-top-column elementor-element elementor-element-7352be6\" data-id=\"7352be6\" data-element_type=\"column\">\n\t\t\t<div class=\"elementor-widget-wrap elementor-element-populated\">\n\t\t\t\t\t\t<div class=\"elementor-element elementor-element-036324c elementor-widget elementor-widget-shortcode\" data-id=\"036324c\" data-element_type=\"widget\" data-widget_type=\"shortcode.default\">\n\t\t\t\t<div class=\"elementor-widget-container\">\n\t\t\t\t\t\t\t<div class=\"elementor-shortcode\"><div id=\"give-receipt\" data-shortcode=\"{&quot;error&quot;:&quot;You are missing the donation id to view this donation receipt.&quot;,&quot;price&quot;:true,&quot;donor&quot;:true,&quot;date&quot;:true,&quot;payment_method&quot;:true,&quot;payment_id&quot;:true,&quot;payment_status&quot;:false,&quot;company_name&quot;:false,&quot;status_notice&quot;:true}\" data-receipt-type=\"\" data-donation-key=\"\" ><div class=\"placeholder-container-animation\">\n\t<div class=\"timeline-wrapper\">\n\t\t<div class=\"timeline-item\">\n\t\t\t<div class=\"animated-background\">\n\t\t\t\t<div class=\"layer h2 layer-7\">\n\t\t\t\t\t<div class=\"layer-item\"><\/div>\n\t\t\t\t\t<div class=\"layer-item opaque\"><\/div>\n\t\t\t\t<\/div>\n\t\t\t\t<div class=\"layer-gap medium\"><\/div>\n\t\t\t\t<div class=\"layer-gap medium\"><\/div>\n\n\t\t\t\t<div class=\"layer label layer-4\">\n\t\t\t\t\t<div class=\"layer-item\"><\/div>\n\t\t\t\t\t<div class=\"layer-item opaque\"><\/div>\n\t\t\t\t\t<div class=\"layer-item opaque\"><\/div>\n\t\t\t\t\t<div class=\"layer-item\"><\/div>\n\t\t\t\t\t<div class=\"layer-item opaque\"><\/div>\n\t\t\t\t<\/div>\n\t\t\t\t<div class=\"layer-gap small\"><\/div>\n\n\n\t\t\t\t<div class=\"layer h2 layer-5\">\n\t\t\t\t\t<div class=\"layer-item\"><\/div>\n\t\t\t\t\t<div class=\"layer-item opaque\"><\/div>\n\t\t\t\t\t<div class=\"layer-item opaque\"><\/div>\n\t\t\t\t\t<div class=\"layer-item\"><\/div>\n\t\t\t\t\t<div class=\"layer-item opaque\"><\/div>\n\t\t\t\t<\/div>\n\t\t\t\t<div class=\"layer-gap medium\"><\/div>\n\n\n\t\t\t\t<div class=\"layer label layer-4\">\n\t\t\t\t\t<div class=\"layer-item\"><\/div>\n\t\t\t\t\t<div class=\"layer-item opaque\"><\/div>\n\t\t\t\t\t<div class=\"layer-item opaque\"><\/div>\n\t\t\t\t\t<div class=\"layer-item\"><\/div>\n\t\t\t\t\t<div class=\"layer-item opaque\"><\/div>\n\t\t\t\t<\/div>\n\t\t\t\t<div class=\"layer-gap small\"><\/div>\n\t\t\t<\/div>\n\t\t<\/div>\n\t<\/div>\n<\/div>\n<\/div><\/div>\n\t\t\t\t\t\t<\/div>\n\t\t\t\t<\/div>\n\t\t\t\t\t<\/div>\n\t\t<\/div>\n\t\t\t\t\t<\/div>\n\t\t<\/section>\n\t\t\t\t<\/div>\n\t\t","protected":false},"excerpt":{"rendered":"<p>Doa\u00e7\u00f5es &#8211; Confirma\u00e7\u00e3o<\/p>\n","protected":false},"author":1,"featured_media":0,"parent":0,"menu_order":0,"comment_status":"closed","ping_status":"closed","template":"","meta":{"give_campaign_id":0,"footnotes":""},"class_list":["post-16740","page","type-page","status-publish","hentry"],"yoast_head":"<!-- This site is optimized with the Yoast SEO plugin v27.4 - https:\/\/yoast.com\/product\/yoast-seo-wordpress\/ -->\n<title>D\u00e1 - Confirma\u00e7\u00e3o - Espace BioGaia<\/title>\n<meta name=\"robots\" content=\"index, follow, max-snippet:-1, max-image-preview:large, max-video-preview:-1\" \/>\n<link rel=\"canonical\" href=\"https:\/\/biogaia.pt\/pt-pt\/da-confirmacao\/\" \/>\n<meta property=\"og:locale\" content=\"pt_PT\" \/>\n<meta property=\"og:type\" content=\"article\" \/>\n<meta property=\"og:title\" content=\"D\u00e1 - Confirma\u00e7\u00e3o - Espace BioGaia\" \/>\n<meta property=\"og:description\" content=\"Doa\u00e7\u00f5es &#8211; Confirma\u00e7\u00e3o\" \/>\n<meta property=\"og:url\" content=\"https:\/\/biogaia.pt\/pt-pt\/da-confirmacao\/\" \/>\n<meta property=\"og:site_name\" content=\"Espace BioGaia\" \/>\n<meta property=\"article:modified_time\" content=\"2024-06-06T09:19:54+00:00\" \/>\n<meta name=\"twitter:card\" content=\"summary_large_image\" \/>\n<script type=\"application\/ld+json\" class=\"yoast-schema-graph\">{\"@context\":\"https:\\\/\\\/schema.org\",\"@graph\":[{\"@type\":\"WebPage\",\"@id\":\"https:\\\/\\\/biogaia.pt\\\/pt-pt\\\/da-confirmacao\\\/\",\"url\":\"https:\\\/\\\/biogaia.pt\\\/pt-pt\\\/da-confirmacao\\\/\",\"name\":\"D\u00e1 - Confirma\u00e7\u00e3o - Espace BioGaia\",\"isPartOf\":{\"@id\":\"https:\\\/\\\/biogaia.pt\\\/pt-pt\\\/#website\"},\"datePublished\":\"2022-10-31T14:52:39+00:00\",\"dateModified\":\"2024-06-06T09:19:54+00:00\",\"breadcrumb\":{\"@id\":\"https:\\\/\\\/biogaia.pt\\\/pt-pt\\\/da-confirmacao\\\/#breadcrumb\"},\"inLanguage\":\"pt-PT\",\"potentialAction\":[{\"@type\":\"ReadAction\",\"target\":[\"https:\\\/\\\/biogaia.pt\\\/pt-pt\\\/da-confirmacao\\\/\"]}]},{\"@type\":\"BreadcrumbList\",\"@id\":\"https:\\\/\\\/biogaia.pt\\\/pt-pt\\\/da-confirmacao\\\/#breadcrumb\",\"itemListElement\":[{\"@type\":\"ListItem\",\"position\":1,\"name\":\"In\u00edcio\",\"item\":\"https:\\\/\\\/biogaia.pt\\\/pt-pt\\\/\"},{\"@type\":\"ListItem\",\"position\":2,\"name\":\"D\u00e1 &#8211; Confirma\u00e7\u00e3o\"}]},{\"@type\":\"WebSite\",\"@id\":\"https:\\\/\\\/biogaia.pt\\\/pt-pt\\\/#website\",\"url\":\"https:\\\/\\\/biogaia.pt\\\/pt-pt\\\/\",\"name\":\"Espace BioGaia\",\"description\":\"\",\"publisher\":{\"@id\":\"https:\\\/\\\/biogaia.pt\\\/pt-pt\\\/#organization\"},\"potentialAction\":[{\"@type\":\"SearchAction\",\"target\":{\"@type\":\"EntryPoint\",\"urlTemplate\":\"https:\\\/\\\/biogaia.pt\\\/pt-pt\\\/?s={search_term_string}\"},\"query-input\":{\"@type\":\"PropertyValueSpecification\",\"valueRequired\":true,\"valueName\":\"search_term_string\"}}],\"inLanguage\":\"pt-PT\"},{\"@type\":\"Organization\",\"@id\":\"https:\\\/\\\/biogaia.pt\\\/pt-pt\\\/#organization\",\"name\":\"Espace BioGaia\",\"url\":\"https:\\\/\\\/biogaia.pt\\\/pt-pt\\\/\",\"logo\":{\"@type\":\"ImageObject\",\"inLanguage\":\"pt-PT\",\"@id\":\"https:\\\/\\\/biogaia.pt\\\/pt-pt\\\/#\\\/schema\\\/logo\\\/image\\\/\",\"url\":\"https:\\\/\\\/biogaia.pt\\\/wp-content\\\/uploads\\\/2024\\\/04\\\/Logo-BioGaia-couleurs-rognee.png\",\"contentUrl\":\"https:\\\/\\\/biogaia.pt\\\/wp-content\\\/uploads\\\/2024\\\/04\\\/Logo-BioGaia-couleurs-rognee.png\",\"width\":1306,\"height\":1224,\"caption\":\"Espace BioGaia\"},\"image\":{\"@id\":\"https:\\\/\\\/biogaia.pt\\\/pt-pt\\\/#\\\/schema\\\/logo\\\/image\\\/\"}}]}<\/script>\n<!-- \/ Yoast SEO plugin. -->","yoast_head_json":{"title":"D\u00e1 - Confirma\u00e7\u00e3o - Espace BioGaia","robots":{"index":"index","follow":"follow","max-snippet":"max-snippet:-1","max-image-preview":"max-image-preview:large","max-video-preview":"max-video-preview:-1"},"canonical":"https:\/\/biogaia.pt\/pt-pt\/da-confirmacao\/","og_locale":"pt_PT","og_type":"article","og_title":"D\u00e1 - Confirma\u00e7\u00e3o - Espace BioGaia","og_description":"Doa\u00e7\u00f5es &#8211; Confirma\u00e7\u00e3o","og_url":"https:\/\/biogaia.pt\/pt-pt\/da-confirmacao\/","og_site_name":"Espace BioGaia","article_modified_time":"2024-06-06T09:19:54+00:00","twitter_card":"summary_large_image","schema":{"@context":"https:\/\/schema.org","@graph":[{"@type":"WebPage","@id":"https:\/\/biogaia.pt\/pt-pt\/da-confirmacao\/","url":"https:\/\/biogaia.pt\/pt-pt\/da-confirmacao\/","name":"D\u00e1 - Confirma\u00e7\u00e3o - Espace BioGaia","isPartOf":{"@id":"https:\/\/biogaia.pt\/pt-pt\/#website"},"datePublished":"2022-10-31T14:52:39+00:00","dateModified":"2024-06-06T09:19:54+00:00","breadcrumb":{"@id":"https:\/\/biogaia.pt\/pt-pt\/da-confirmacao\/#breadcrumb"},"inLanguage":"pt-PT","potentialAction":[{"@type":"ReadAction","target":["https:\/\/biogaia.pt\/pt-pt\/da-confirmacao\/"]}]},{"@type":"BreadcrumbList","@id":"https:\/\/biogaia.pt\/pt-pt\/da-confirmacao\/#breadcrumb","itemListElement":[{"@type":"ListItem","position":1,"name":"In\u00edcio","item":"https:\/\/biogaia.pt\/pt-pt\/"},{"@type":"ListItem","position":2,"name":"D\u00e1 &#8211; Confirma\u00e7\u00e3o"}]},{"@type":"WebSite","@id":"https:\/\/biogaia.pt\/pt-pt\/#website","url":"https:\/\/biogaia.pt\/pt-pt\/","name":"Espace BioGaia","description":"","publisher":{"@id":"https:\/\/biogaia.pt\/pt-pt\/#organization"},"potentialAction":[{"@type":"SearchAction","target":{"@type":"EntryPoint","urlTemplate":"https:\/\/biogaia.pt\/pt-pt\/?s={search_term_string}"},"query-input":{"@type":"PropertyValueSpecification","valueRequired":true,"valueName":"search_term_string"}}],"inLanguage":"pt-PT"},{"@type":"Organization","@id":"https:\/\/biogaia.pt\/pt-pt\/#organization","name":"Espace BioGaia","url":"https:\/\/biogaia.pt\/pt-pt\/","logo":{"@type":"ImageObject","inLanguage":"pt-PT","@id":"https:\/\/biogaia.pt\/pt-pt\/#\/schema\/logo\/image\/","url":"https:\/\/biogaia.pt\/wp-content\/uploads\/2024\/04\/Logo-BioGaia-couleurs-rognee.png","contentUrl":"https:\/\/biogaia.pt\/wp-content\/uploads\/2024\/04\/Logo-BioGaia-couleurs-rognee.png","width":1306,"height":1224,"caption":"Espace BioGaia"},"image":{"@id":"https:\/\/biogaia.pt\/pt-pt\/#\/schema\/logo\/image\/"}}]}},"campaignId":"","jetpack_sharing_enabled":true,"_links":{"self":[{"href":"https:\/\/biogaia.pt\/pt-pt\/wp-json\/wp\/v2\/pages\/16740","targetHints":{"allow":["GET"]}}],"collection":[{"href":"https:\/\/biogaia.pt\/pt-pt\/wp-json\/wp\/v2\/pages"}],"about":[{"href":"https:\/\/biogaia.pt\/pt-pt\/wp-json\/wp\/v2\/types\/page"}],"author":[{"embeddable":true,"href":"https:\/\/biogaia.pt\/pt-pt\/wp-json\/wp\/v2\/users\/1"}],"replies":[{"embeddable":true,"href":"https:\/\/biogaia.pt\/pt-pt\/wp-json\/wp\/v2\/comments?post=16740"}],"version-history":[{"count":1,"href":"https:\/\/biogaia.pt\/pt-pt\/wp-json\/wp\/v2\/pages\/16740\/revisions"}],"predecessor-version":[{"id":16742,"href":"https:\/\/biogaia.pt\/pt-pt\/wp-json\/wp\/v2\/pages\/16740\/revisions\/16742"}],"wp:attachment":[{"href":"https:\/\/biogaia.pt\/pt-pt\/wp-json\/wp\/v2\/media?parent=16740"}],"curies":[{"name":"wp","href":"https:\/\/api.w.org\/{rel}","templated":true}]}}