{"id":16762,"date":"2024-02-29T14:44:48","date_gmt":"2024-02-29T14:44:48","guid":{"rendered":"https:\/\/biogaia.pt\/cesto\/"},"modified":"2024-06-06T09:20:03","modified_gmt":"2024-06-06T09:20:03","slug":"cesto","status":"publish","type":"page","link":"https:\/\/biogaia.pt\/pt-pt\/cesto\/","title":{"rendered":"Cesto"},"content":{"rendered":"\n<div data-block-name=\"woocommerce\/cart\" class=\"wp-block-woocommerce-cart alignwide is-loading\">\n<div data-block-name=\"woocommerce\/filled-cart-block\" class=\"wp-block-woocommerce-filled-cart-block\">\n<div data-block-name=\"woocommerce\/cart-items-block\" class=\"wp-block-woocommerce-cart-items-block\">\n<div data-block-name=\"woocommerce\/cart-line-items-block\" class=\"wp-block-woocommerce-cart-line-items-block\"><\/div>\n\n\n\n<div data-block-name=\"woocommerce\/cart-cross-sells-block\" class=\"wp-block-woocommerce-cart-cross-sells-block\">\n<h2 class=\"wp-block-heading has-large-font-size\">Podes estar interessado em&#8230;<\/h2>\n\n\n\n<div data-block-name=\"woocommerce\/cart-cross-sells-products-block\" class=\"wp-block-woocommerce-cart-cross-sells-products-block\"><\/div>\n<\/div>\n<\/div>\n\n\n\n<div data-block-name=\"woocommerce\/cart-totals-block\" class=\"wp-block-woocommerce-cart-totals-block\">\n<div data-block-name=\"woocommerce\/cart-order-summary-block\" class=\"wp-block-woocommerce-cart-order-summary-block\">\n<div data-block-name=\"woocommerce\/cart-order-summary-heading-block\" class=\"wp-block-woocommerce-cart-order-summary-heading-block\"><\/div><div data-block-name=\"woocommerce\/cart-order-summary-coupon-form-block\" class=\"wp-block-woocommerce-cart-order-summary-coupon-form-block\"><\/div><div data-block-name=\"woocommerce\/cart-order-summary-totals-block\" class=\"wp-block-woocommerce-cart-order-summary-totals-block\">\n<div data-block-name=\"woocommerce\/cart-order-summary-subtotal-block\" class=\"wp-block-woocommerce-cart-order-summary-subtotal-block\"><\/div>\n<div data-block-name=\"woocommerce\/cart-order-summary-discount-block\" class=\"wp-block-woocommerce-cart-order-summary-discount-block\"><\/div>\n<div data-block-name=\"woocommerce\/cart-order-summary-fee-block\" class=\"wp-block-woocommerce-cart-order-summary-fee-block\"><\/div>\n<div data-block-name=\"woocommerce\/cart-order-summary-shipping-block\" class=\"wp-block-woocommerce-cart-order-summary-shipping-block\"><\/div>\n<div data-block-name=\"woocommerce\/cart-order-summary-taxes-block\" class=\"wp-block-woocommerce-cart-order-summary-taxes-block\"><\/div><\/div>\n<\/div>\n\n\n\n<div data-block-name=\"woocommerce\/cart-express-payment-block\" class=\"wp-block-woocommerce-cart-express-payment-block\"><\/div>\n\n\n\n<div data-block-name=\"woocommerce\/proceed-to-checkout-block\" class=\"wp-block-woocommerce-proceed-to-checkout-block\"><\/div>\n\n\n\n<div data-block-name=\"woocommerce\/cart-accepted-payment-methods-block\" class=\"wp-block-woocommerce-cart-accepted-payment-methods-block\"><\/div>\n<\/div>\n<\/div>\n\n\n\n<div data-block-name=\"woocommerce\/empty-cart-block\" class=\"wp-block-woocommerce-empty-cart-block\">\n<h2 class=\"wp-block-heading has-text-align-center with-empty-cart-icon wc-block-cart__empty-cart__title\">O teu cesto est\u00e1 vazio!<\/h2>\n\n\n\n<hr class=\"wp-block-separator has-alpha-channel-opacity is-style-dots\"\/>\n\n\n\n<h2 class=\"wp-block-heading has-text-align-center\">Novo na loja<\/h2>\n\n\n<div data-block-name=\"woocommerce\/product-new\" data-columns=\"4\" data-rows=\"1\" class=\"wc-block-grid wp-block-product-new wp-block-woocommerce-product-new wc-block-product-new has-4-columns\"><ul class=\"wc-block-grid__products\"><li class=\"wc-block-grid__product\">\n\t\t\t\t<a href=\"https:\/\/biogaia.pt\/pt-pt\/produit\/trabalho-social\/\" class=\"wc-block-grid__product-link\">\n\t\t\t\t\t\n\t\t\t\t\t<div class=\"wc-block-grid__product-image\"><img fetchpriority=\"high\" decoding=\"async\" width=\"300\" height=\"300\" src=\"https:\/\/biogaia.pt\/wp-content\/uploads\/2022\/10\/shop-7-300x300.jpg\" class=\"attachment-woocommerce_thumbnail size-woocommerce_thumbnail\" alt=\"Trabalho social\" srcset=\"https:\/\/biogaia.pt\/wp-content\/uploads\/2022\/10\/shop-7-300x300.jpg 300w, https:\/\/biogaia.pt\/wp-content\/uploads\/2022\/10\/shop-7-100x100.jpg 100w, https:\/\/biogaia.pt\/wp-content\/uploads\/2022\/10\/shop-7-150x150.jpg 150w, https:\/\/biogaia.pt\/wp-content\/uploads\/2022\/10\/shop-7-200x200.jpg 200w, https:\/\/biogaia.pt\/wp-content\/uploads\/2022\/10\/shop-7.jpg 400w\" sizes=\"(max-width: 300px) 100vw, 300px\" data-attachment-id=\"16126\" data-permalink=\"https:\/\/biogaia.pt\/pt-pt\/?attachment_id=16126\" data-orig-file=\"https:\/\/biogaia.pt\/wp-content\/uploads\/2022\/10\/shop-7.jpg\" data-orig-size=\"400,400\" data-comments-opened=\"1\" data-image-meta=\"{&quot;aperture&quot;:&quot;0&quot;,&quot;credit&quot;:&quot;&quot;,&quot;camera&quot;:&quot;&quot;,&quot;caption&quot;:&quot;&quot;,&quot;created_timestamp&quot;:&quot;0&quot;,&quot;copyright&quot;:&quot;&quot;,&quot;focal_length&quot;:&quot;0&quot;,&quot;iso&quot;:&quot;0&quot;,&quot;shutter_speed&quot;:&quot;0&quot;,&quot;title&quot;:&quot;&quot;,&quot;orientation&quot;:&quot;0&quot;}\" data-image-title=\"shop-7\" data-image-description=\"\" data-image-caption=\"\" data-large-file=\"https:\/\/biogaia.pt\/wp-content\/uploads\/2022\/10\/shop-7.jpg\" \/><\/div>\n\t\t\t\t\t<div class=\"wc-block-grid__product-title\">Trabalho social<\/div>\n\t\t\t\t<\/a>\n\t\t\t\t<div class=\"wc-block-grid__product-price price\"><\/div>\n\t\t\t\t\n\t\t\t\t<div class=\"wp-block-button wc-block-grid__product-add-to-cart\"><a href=\"https:\/\/biogaia.pt\/pt-pt\/produit\/trabalho-social\/\" aria-label=\"Seleccione as op\u00e7\u00f5es para &ldquo;Trabalho social&rdquo;\" data-quantity=\"1\" data-product_id=\"17486\" data-product_sku=\"\" data-price=\"16.4\" rel=\"nofollow\" class=\"wp-block-button__link  add_to_cart_button\">Ver op\u00e7\u00f5es<\/a><\/div>\n\t\t\t<\/li><li class=\"wc-block-grid__product\">\n\t\t\t\t<a href=\"https:\/\/biogaia.pt\/pt-pt\/produit\/salva-o-mar\/\" class=\"wc-block-grid__product-link\">\n\t\t\t\t\t\n\t\t\t\t\t<div class=\"wc-block-grid__product-image\"><img decoding=\"async\" width=\"300\" height=\"300\" src=\"https:\/\/biogaia.pt\/wp-content\/uploads\/2022\/10\/shop-5-300x300.jpg\" class=\"attachment-woocommerce_thumbnail size-woocommerce_thumbnail\" alt=\"Salva o mar\" srcset=\"https:\/\/biogaia.pt\/wp-content\/uploads\/2022\/10\/shop-5-300x300.jpg 300w, https:\/\/biogaia.pt\/wp-content\/uploads\/2022\/10\/shop-5-100x100.jpg 100w, https:\/\/biogaia.pt\/wp-content\/uploads\/2022\/10\/shop-5-150x150.jpg 150w, https:\/\/biogaia.pt\/wp-content\/uploads\/2022\/10\/shop-5-200x200.jpg 200w, https:\/\/biogaia.pt\/wp-content\/uploads\/2022\/10\/shop-5.jpg 400w\" sizes=\"(max-width: 300px) 100vw, 300px\" data-attachment-id=\"16122\" data-permalink=\"https:\/\/biogaia.pt\/pt-pt\/?attachment_id=16122\" data-orig-file=\"https:\/\/biogaia.pt\/wp-content\/uploads\/2022\/10\/shop-5.jpg\" data-orig-size=\"400,400\" data-comments-opened=\"1\" data-image-meta=\"{&quot;aperture&quot;:&quot;0&quot;,&quot;credit&quot;:&quot;&quot;,&quot;camera&quot;:&quot;&quot;,&quot;caption&quot;:&quot;&quot;,&quot;created_timestamp&quot;:&quot;0&quot;,&quot;copyright&quot;:&quot;&quot;,&quot;focal_length&quot;:&quot;0&quot;,&quot;iso&quot;:&quot;0&quot;,&quot;shutter_speed&quot;:&quot;0&quot;,&quot;title&quot;:&quot;&quot;,&quot;orientation&quot;:&quot;0&quot;}\" data-image-title=\"shop-5\" data-image-description=\"\" data-image-caption=\"\" data-large-file=\"https:\/\/biogaia.pt\/wp-content\/uploads\/2022\/10\/shop-5.jpg\" \/><\/div>\n\t\t\t\t\t<div class=\"wc-block-grid__product-title\">Salva o mar<\/div>\n\t\t\t\t<\/a>\n\t\t\t\t<div class=\"wc-block-grid__product-price price\"><\/div>\n\t\t\t\t\n\t\t\t\t<div class=\"wp-block-button wc-block-grid__product-add-to-cart\"><a href=\"https:\/\/biogaia.pt\/pt-pt\/produit\/salva-o-mar\/\" aria-label=\"Seleccione as op\u00e7\u00f5es para &ldquo;Salva o mar&rdquo;\" data-quantity=\"1\" data-product_id=\"17485\" data-product_sku=\"\" data-price=\"15.3\" rel=\"nofollow\" class=\"wp-block-button__link  add_to_cart_button\">Ver op\u00e7\u00f5es<\/a><\/div>\n\t\t\t<\/li><li class=\"wc-block-grid__product\">\n\t\t\t\t<a href=\"https:\/\/biogaia.pt\/pt-pt\/produit\/reabilitacao\/\" class=\"wc-block-grid__product-link\">\n\t\t\t\t\t\n\t\t\t\t\t<div class=\"wc-block-grid__product-image\"><img decoding=\"async\" width=\"300\" height=\"300\" src=\"https:\/\/biogaia.pt\/wp-content\/uploads\/2022\/10\/shop-3-300x300.jpg\" class=\"attachment-woocommerce_thumbnail size-woocommerce_thumbnail\" alt=\"Reabilita\u00e7\u00e3o\" srcset=\"https:\/\/biogaia.pt\/wp-content\/uploads\/2022\/10\/shop-3-300x300.jpg 300w, https:\/\/biogaia.pt\/wp-content\/uploads\/2022\/10\/shop-3-100x100.jpg 100w, https:\/\/biogaia.pt\/wp-content\/uploads\/2022\/10\/shop-3-150x150.jpg 150w, https:\/\/biogaia.pt\/wp-content\/uploads\/2022\/10\/shop-3-200x200.jpg 200w, https:\/\/biogaia.pt\/wp-content\/uploads\/2022\/10\/shop-3.jpg 400w\" sizes=\"(max-width: 300px) 100vw, 300px\" data-attachment-id=\"16118\" data-permalink=\"https:\/\/biogaia.pt\/pt-pt\/?attachment_id=16118\" data-orig-file=\"https:\/\/biogaia.pt\/wp-content\/uploads\/2022\/10\/shop-3.jpg\" data-orig-size=\"400,400\" data-comments-opened=\"1\" data-image-meta=\"{&quot;aperture&quot;:&quot;0&quot;,&quot;credit&quot;:&quot;&quot;,&quot;camera&quot;:&quot;&quot;,&quot;caption&quot;:&quot;&quot;,&quot;created_timestamp&quot;:&quot;0&quot;,&quot;copyright&quot;:&quot;&quot;,&quot;focal_length&quot;:&quot;0&quot;,&quot;iso&quot;:&quot;0&quot;,&quot;shutter_speed&quot;:&quot;0&quot;,&quot;title&quot;:&quot;&quot;,&quot;orientation&quot;:&quot;0&quot;}\" data-image-title=\"shop-3\" data-image-description=\"\" data-image-caption=\"\" data-large-file=\"https:\/\/biogaia.pt\/wp-content\/uploads\/2022\/10\/shop-3.jpg\" \/><\/div>\n\t\t\t\t\t<div class=\"wc-block-grid__product-title\">Reabilita\u00e7\u00e3o<\/div>\n\t\t\t\t<\/a>\n\t\t\t\t<div class=\"wc-block-grid__product-price price\"><\/div>\n\t\t\t\t\n\t\t\t\t<div class=\"wp-block-button wc-block-grid__product-add-to-cart\"><a href=\"https:\/\/biogaia.pt\/pt-pt\/produit\/reabilitacao\/\" aria-label=\"Seleccione as op\u00e7\u00f5es para &ldquo;Reabilita\u00e7\u00e3o&rdquo;\" data-quantity=\"1\" data-product_id=\"17478\" data-product_sku=\"\" data-price=\"10.9\" rel=\"nofollow\" class=\"wp-block-button__link  add_to_cart_button\">Ver op\u00e7\u00f5es<\/a><\/div>\n\t\t\t<\/li><li class=\"wc-block-grid__product\">\n\t\t\t\t<a href=\"https:\/\/biogaia.pt\/pt-pt\/produit\/os-lobos\/\" class=\"wc-block-grid__product-link\">\n\t\t\t\t\t\n\t\t\t\t\t<div class=\"wc-block-grid__product-image\"><img loading=\"lazy\" decoding=\"async\" width=\"300\" height=\"300\" src=\"https:\/\/biogaia.pt\/wp-content\/uploads\/2022\/10\/shop-4-300x300.jpg\" class=\"attachment-woocommerce_thumbnail size-woocommerce_thumbnail\" alt=\"Os lobos\" srcset=\"https:\/\/biogaia.pt\/wp-content\/uploads\/2022\/10\/shop-4-300x300.jpg 300w, https:\/\/biogaia.pt\/wp-content\/uploads\/2022\/10\/shop-4-100x100.jpg 100w, https:\/\/biogaia.pt\/wp-content\/uploads\/2022\/10\/shop-4-150x150.jpg 150w, https:\/\/biogaia.pt\/wp-content\/uploads\/2022\/10\/shop-4-200x200.jpg 200w, https:\/\/biogaia.pt\/wp-content\/uploads\/2022\/10\/shop-4.jpg 400w\" sizes=\"(max-width: 300px) 100vw, 300px\" data-attachment-id=\"16120\" data-permalink=\"https:\/\/biogaia.pt\/pt-pt\/?attachment_id=16120\" data-orig-file=\"https:\/\/biogaia.pt\/wp-content\/uploads\/2022\/10\/shop-4.jpg\" data-orig-size=\"400,400\" data-comments-opened=\"1\" data-image-meta=\"{&quot;aperture&quot;:&quot;0&quot;,&quot;credit&quot;:&quot;&quot;,&quot;camera&quot;:&quot;&quot;,&quot;caption&quot;:&quot;&quot;,&quot;created_timestamp&quot;:&quot;0&quot;,&quot;copyright&quot;:&quot;&quot;,&quot;focal_length&quot;:&quot;0&quot;,&quot;iso&quot;:&quot;0&quot;,&quot;shutter_speed&quot;:&quot;0&quot;,&quot;title&quot;:&quot;&quot;,&quot;orientation&quot;:&quot;0&quot;}\" data-image-title=\"shop-4\" data-image-description=\"\" data-image-caption=\"\" data-large-file=\"https:\/\/biogaia.pt\/wp-content\/uploads\/2022\/10\/shop-4.jpg\" \/><\/div>\n\t\t\t\t\t<div class=\"wc-block-grid__product-title\">Os lobos<\/div>\n\t\t\t\t<\/a>\n\t\t\t\t<div class=\"wc-block-grid__product-price price\"><\/div>\n\t\t\t\t\n\t\t\t\t<div class=\"wp-block-button wc-block-grid__product-add-to-cart\"><a href=\"https:\/\/biogaia.pt\/pt-pt\/produit\/os-lobos\/\" aria-label=\"Seleccione as op\u00e7\u00f5es para &ldquo;Os lobos&rdquo;\" data-quantity=\"1\" data-product_id=\"17476\" data-product_sku=\"\" data-price=\"13.4\" rel=\"nofollow\" class=\"wp-block-button__link  add_to_cart_button\">Ver op\u00e7\u00f5es<\/a><\/div>\n\t\t\t<\/li><\/ul><\/div><\/div>\n<\/div>\n","protected":false},"excerpt":{"rendered":"","protected":false},"author":1,"featured_media":0,"parent":0,"menu_order":0,"comment_status":"closed","ping_status":"closed","template":"","meta":{"give_campaign_id":0,"footnotes":""},"class_list":["post-16762","page","type-page","status-publish","hentry"],"yoast_head":"<!-- This site is optimized with the Yoast SEO plugin v27.5 - https:\/\/yoast.com\/product\/yoast-seo-wordpress\/ -->\n<title>Cesto - Espace BioGaia<\/title>\n<meta name=\"robots\" content=\"index, follow, max-snippet:-1, max-image-preview:large, max-video-preview:-1\" \/>\n<link rel=\"canonical\" href=\"https:\/\/biogaia.pt\/pt-pt\/cesto\/\" \/>\n<meta property=\"og:locale\" content=\"pt_PT\" \/>\n<meta property=\"og:type\" content=\"article\" \/>\n<meta property=\"og:title\" content=\"Cesto - Espace BioGaia\" \/>\n<meta property=\"og:url\" content=\"https:\/\/biogaia.pt\/pt-pt\/cesto\/\" \/>\n<meta property=\"og:site_name\" content=\"Espace BioGaia\" \/>\n<meta property=\"article:modified_time\" content=\"2024-06-06T09:20:03+00:00\" \/>\n<meta name=\"twitter:card\" content=\"summary_large_image\" \/>\n<script type=\"application\/ld+json\" class=\"yoast-schema-graph\">{\"@context\":\"https:\\\/\\\/schema.org\",\"@graph\":[{\"@type\":\"WebPage\",\"@id\":\"https:\\\/\\\/biogaia.pt\\\/pt-pt\\\/cesto\\\/\",\"url\":\"https:\\\/\\\/biogaia.pt\\\/pt-pt\\\/cesto\\\/\",\"name\":\"Cesto - Espace BioGaia\",\"isPartOf\":{\"@id\":\"https:\\\/\\\/biogaia.pt\\\/pt-pt\\\/#website\"},\"datePublished\":\"2024-02-29T14:44:48+00:00\",\"dateModified\":\"2024-06-06T09:20:03+00:00\",\"breadcrumb\":{\"@id\":\"https:\\\/\\\/biogaia.pt\\\/pt-pt\\\/cesto\\\/#breadcrumb\"},\"inLanguage\":\"pt-PT\",\"potentialAction\":[{\"@type\":\"ReadAction\",\"target\":[\"https:\\\/\\\/biogaia.pt\\\/pt-pt\\\/cesto\\\/\"]}]},{\"@type\":\"BreadcrumbList\",\"@id\":\"https:\\\/\\\/biogaia.pt\\\/pt-pt\\\/cesto\\\/#breadcrumb\",\"itemListElement\":[{\"@type\":\"ListItem\",\"position\":1,\"name\":\"In\u00edcio\",\"item\":\"https:\\\/\\\/biogaia.pt\\\/pt-pt\\\/\"},{\"@type\":\"ListItem\",\"position\":2,\"name\":\"Cesto\"}]},{\"@type\":\"WebSite\",\"@id\":\"https:\\\/\\\/biogaia.pt\\\/pt-pt\\\/#website\",\"url\":\"https:\\\/\\\/biogaia.pt\\\/pt-pt\\\/\",\"name\":\"Espace BioGaia\",\"description\":\"\",\"publisher\":{\"@id\":\"https:\\\/\\\/biogaia.pt\\\/pt-pt\\\/#organization\"},\"potentialAction\":[{\"@type\":\"SearchAction\",\"target\":{\"@type\":\"EntryPoint\",\"urlTemplate\":\"https:\\\/\\\/biogaia.pt\\\/pt-pt\\\/?s={search_term_string}\"},\"query-input\":{\"@type\":\"PropertyValueSpecification\",\"valueRequired\":true,\"valueName\":\"search_term_string\"}}],\"inLanguage\":\"pt-PT\"},{\"@type\":\"Organization\",\"@id\":\"https:\\\/\\\/biogaia.pt\\\/pt-pt\\\/#organization\",\"name\":\"Espace BioGaia\",\"url\":\"https:\\\/\\\/biogaia.pt\\\/pt-pt\\\/\",\"logo\":{\"@type\":\"ImageObject\",\"inLanguage\":\"pt-PT\",\"@id\":\"https:\\\/\\\/biogaia.pt\\\/pt-pt\\\/#\\\/schema\\\/logo\\\/image\\\/\",\"url\":\"https:\\\/\\\/biogaia.pt\\\/wp-content\\\/uploads\\\/2024\\\/04\\\/Logo-BioGaia-couleurs-rognee.png\",\"contentUrl\":\"https:\\\/\\\/biogaia.pt\\\/wp-content\\\/uploads\\\/2024\\\/04\\\/Logo-BioGaia-couleurs-rognee.png\",\"width\":1306,\"height\":1224,\"caption\":\"Espace BioGaia\"},\"image\":{\"@id\":\"https:\\\/\\\/biogaia.pt\\\/pt-pt\\\/#\\\/schema\\\/logo\\\/image\\\/\"}}]}<\/script>\n<!-- \/ Yoast SEO plugin. -->","yoast_head_json":{"title":"Cesto - Espace BioGaia","robots":{"index":"index","follow":"follow","max-snippet":"max-snippet:-1","max-image-preview":"max-image-preview:large","max-video-preview":"max-video-preview:-1"},"canonical":"https:\/\/biogaia.pt\/pt-pt\/cesto\/","og_locale":"pt_PT","og_type":"article","og_title":"Cesto - Espace BioGaia","og_url":"https:\/\/biogaia.pt\/pt-pt\/cesto\/","og_site_name":"Espace BioGaia","article_modified_time":"2024-06-06T09:20:03+00:00","twitter_card":"summary_large_image","schema":{"@context":"https:\/\/schema.org","@graph":[{"@type":"WebPage","@id":"https:\/\/biogaia.pt\/pt-pt\/cesto\/","url":"https:\/\/biogaia.pt\/pt-pt\/cesto\/","name":"Cesto - Espace BioGaia","isPartOf":{"@id":"https:\/\/biogaia.pt\/pt-pt\/#website"},"datePublished":"2024-02-29T14:44:48+00:00","dateModified":"2024-06-06T09:20:03+00:00","breadcrumb":{"@id":"https:\/\/biogaia.pt\/pt-pt\/cesto\/#breadcrumb"},"inLanguage":"pt-PT","potentialAction":[{"@type":"ReadAction","target":["https:\/\/biogaia.pt\/pt-pt\/cesto\/"]}]},{"@type":"BreadcrumbList","@id":"https:\/\/biogaia.pt\/pt-pt\/cesto\/#breadcrumb","itemListElement":[{"@type":"ListItem","position":1,"name":"In\u00edcio","item":"https:\/\/biogaia.pt\/pt-pt\/"},{"@type":"ListItem","position":2,"name":"Cesto"}]},{"@type":"WebSite","@id":"https:\/\/biogaia.pt\/pt-pt\/#website","url":"https:\/\/biogaia.pt\/pt-pt\/","name":"Espace BioGaia","description":"","publisher":{"@id":"https:\/\/biogaia.pt\/pt-pt\/#organization"},"potentialAction":[{"@type":"SearchAction","target":{"@type":"EntryPoint","urlTemplate":"https:\/\/biogaia.pt\/pt-pt\/?s={search_term_string}"},"query-input":{"@type":"PropertyValueSpecification","valueRequired":true,"valueName":"search_term_string"}}],"inLanguage":"pt-PT"},{"@type":"Organization","@id":"https:\/\/biogaia.pt\/pt-pt\/#organization","name":"Espace BioGaia","url":"https:\/\/biogaia.pt\/pt-pt\/","logo":{"@type":"ImageObject","inLanguage":"pt-PT","@id":"https:\/\/biogaia.pt\/pt-pt\/#\/schema\/logo\/image\/","url":"https:\/\/biogaia.pt\/wp-content\/uploads\/2024\/04\/Logo-BioGaia-couleurs-rognee.png","contentUrl":"https:\/\/biogaia.pt\/wp-content\/uploads\/2024\/04\/Logo-BioGaia-couleurs-rognee.png","width":1306,"height":1224,"caption":"Espace BioGaia"},"image":{"@id":"https:\/\/biogaia.pt\/pt-pt\/#\/schema\/logo\/image\/"}}]}},"campaignId":"","jetpack_sharing_enabled":true,"_links":{"self":[{"href":"https:\/\/biogaia.pt\/pt-pt\/wp-json\/wp\/v2\/pages\/16762","targetHints":{"allow":["GET"]}}],"collection":[{"href":"https:\/\/biogaia.pt\/pt-pt\/wp-json\/wp\/v2\/pages"}],"about":[{"href":"https:\/\/biogaia.pt\/pt-pt\/wp-json\/wp\/v2\/types\/page"}],"author":[{"embeddable":true,"href":"https:\/\/biogaia.pt\/pt-pt\/wp-json\/wp\/v2\/users\/1"}],"replies":[{"embeddable":true,"href":"https:\/\/biogaia.pt\/pt-pt\/wp-json\/wp\/v2\/comments?post=16762"}],"version-history":[{"count":1,"href":"https:\/\/biogaia.pt\/pt-pt\/wp-json\/wp\/v2\/pages\/16762\/revisions"}],"predecessor-version":[{"id":16763,"href":"https:\/\/biogaia.pt\/pt-pt\/wp-json\/wp\/v2\/pages\/16762\/revisions\/16763"}],"wp:attachment":[{"href":"https:\/\/biogaia.pt\/pt-pt\/wp-json\/wp\/v2\/media?parent=16762"}],"curies":[{"name":"wp","href":"https:\/\/api.w.org\/{rel}","templated":true}]}}