{"id":16764,"date":"2024-02-29T14:44:59","date_gmt":"2024-02-29T14:44:59","guid":{"rendered":"https:\/\/biogaia.pt\/a-doacao-falhou\/"},"modified":"2024-02-29T14:44:59","modified_gmt":"2024-02-29T14:44:59","slug":"a-doacao-falhou","status":"publish","type":"page","link":"https:\/\/biogaia.pt\/pt-pt\/a-doacao-falhou\/","title":{"rendered":"A doa\u00e7\u00e3o falhou"},"content":{"rendered":"<p>Lamentamos, mas a tua transa\u00e7\u00e3o n\u00e3o foi bem sucedida. Tenta novamente ou contacta a assist\u00eancia do site.<\/p>\n","protected":false},"excerpt":{"rendered":"<p>Lamentamos, mas a tua transa\u00e7\u00e3o n\u00e3o foi bem sucedida. Tenta novamente ou contacta a assist\u00eancia do site.<\/p>\n","protected":false},"author":1,"featured_media":0,"parent":0,"menu_order":0,"comment_status":"closed","ping_status":"closed","template":"","meta":{"give_campaign_id":0,"footnotes":""},"class_list":["post-16764","page","type-page","status-publish","hentry"],"yoast_head":"<!-- This site is optimized with the Yoast SEO plugin v27.4 - https:\/\/yoast.com\/product\/yoast-seo-wordpress\/ -->\n<title>A doa\u00e7\u00e3o falhou - Espace BioGaia<\/title>\n<meta name=\"robots\" content=\"index, follow, max-snippet:-1, max-image-preview:large, max-video-preview:-1\" \/>\n<link rel=\"canonical\" href=\"https:\/\/biogaia.pt\/pt-pt\/a-doacao-falhou\/\" \/>\n<meta property=\"og:locale\" content=\"pt_PT\" \/>\n<meta property=\"og:type\" content=\"article\" \/>\n<meta property=\"og:title\" content=\"A doa\u00e7\u00e3o falhou - Espace BioGaia\" \/>\n<meta property=\"og:description\" content=\"Lamentamos, mas a tua transa\u00e7\u00e3o n\u00e3o foi bem sucedida. Tenta novamente ou contacta a assist\u00eancia do site.\" \/>\n<meta property=\"og:url\" content=\"https:\/\/biogaia.pt\/pt-pt\/a-doacao-falhou\/\" \/>\n<meta property=\"og:site_name\" content=\"Espace BioGaia\" \/>\n<meta name=\"twitter:card\" content=\"summary_large_image\" \/>\n<script type=\"application\/ld+json\" class=\"yoast-schema-graph\">{\"@context\":\"https:\\\/\\\/schema.org\",\"@graph\":[{\"@type\":\"WebPage\",\"@id\":\"https:\\\/\\\/biogaia.pt\\\/pt-pt\\\/a-doacao-falhou\\\/\",\"url\":\"https:\\\/\\\/biogaia.pt\\\/pt-pt\\\/a-doacao-falhou\\\/\",\"name\":\"A doa\u00e7\u00e3o falhou - Espace BioGaia\",\"isPartOf\":{\"@id\":\"https:\\\/\\\/biogaia.pt\\\/pt-pt\\\/#website\"},\"datePublished\":\"2024-02-29T14:44:59+00:00\",\"breadcrumb\":{\"@id\":\"https:\\\/\\\/biogaia.pt\\\/pt-pt\\\/a-doacao-falhou\\\/#breadcrumb\"},\"inLanguage\":\"pt-PT\",\"potentialAction\":[{\"@type\":\"ReadAction\",\"target\":[\"https:\\\/\\\/biogaia.pt\\\/pt-pt\\\/a-doacao-falhou\\\/\"]}]},{\"@type\":\"BreadcrumbList\",\"@id\":\"https:\\\/\\\/biogaia.pt\\\/pt-pt\\\/a-doacao-falhou\\\/#breadcrumb\",\"itemListElement\":[{\"@type\":\"ListItem\",\"position\":1,\"name\":\"In\u00edcio\",\"item\":\"https:\\\/\\\/biogaia.pt\\\/pt-pt\\\/\"},{\"@type\":\"ListItem\",\"position\":2,\"name\":\"A doa\u00e7\u00e3o falhou\"}]},{\"@type\":\"WebSite\",\"@id\":\"https:\\\/\\\/biogaia.pt\\\/pt-pt\\\/#website\",\"url\":\"https:\\\/\\\/biogaia.pt\\\/pt-pt\\\/\",\"name\":\"Espace BioGaia\",\"description\":\"\",\"publisher\":{\"@id\":\"https:\\\/\\\/biogaia.pt\\\/pt-pt\\\/#organization\"},\"potentialAction\":[{\"@type\":\"SearchAction\",\"target\":{\"@type\":\"EntryPoint\",\"urlTemplate\":\"https:\\\/\\\/biogaia.pt\\\/pt-pt\\\/?s={search_term_string}\"},\"query-input\":{\"@type\":\"PropertyValueSpecification\",\"valueRequired\":true,\"valueName\":\"search_term_string\"}}],\"inLanguage\":\"pt-PT\"},{\"@type\":\"Organization\",\"@id\":\"https:\\\/\\\/biogaia.pt\\\/pt-pt\\\/#organization\",\"name\":\"Espace BioGaia\",\"url\":\"https:\\\/\\\/biogaia.pt\\\/pt-pt\\\/\",\"logo\":{\"@type\":\"ImageObject\",\"inLanguage\":\"pt-PT\",\"@id\":\"https:\\\/\\\/biogaia.pt\\\/pt-pt\\\/#\\\/schema\\\/logo\\\/image\\\/\",\"url\":\"https:\\\/\\\/biogaia.pt\\\/wp-content\\\/uploads\\\/2024\\\/04\\\/Logo-BioGaia-couleurs-rognee.png\",\"contentUrl\":\"https:\\\/\\\/biogaia.pt\\\/wp-content\\\/uploads\\\/2024\\\/04\\\/Logo-BioGaia-couleurs-rognee.png\",\"width\":1306,\"height\":1224,\"caption\":\"Espace BioGaia\"},\"image\":{\"@id\":\"https:\\\/\\\/biogaia.pt\\\/pt-pt\\\/#\\\/schema\\\/logo\\\/image\\\/\"}}]}<\/script>\n<!-- \/ Yoast SEO plugin. -->","yoast_head_json":{"title":"A doa\u00e7\u00e3o falhou - Espace BioGaia","robots":{"index":"index","follow":"follow","max-snippet":"max-snippet:-1","max-image-preview":"max-image-preview:large","max-video-preview":"max-video-preview:-1"},"canonical":"https:\/\/biogaia.pt\/pt-pt\/a-doacao-falhou\/","og_locale":"pt_PT","og_type":"article","og_title":"A doa\u00e7\u00e3o falhou - Espace BioGaia","og_description":"Lamentamos, mas a tua transa\u00e7\u00e3o n\u00e3o foi bem sucedida. Tenta novamente ou contacta a assist\u00eancia do site.","og_url":"https:\/\/biogaia.pt\/pt-pt\/a-doacao-falhou\/","og_site_name":"Espace BioGaia","twitter_card":"summary_large_image","schema":{"@context":"https:\/\/schema.org","@graph":[{"@type":"WebPage","@id":"https:\/\/biogaia.pt\/pt-pt\/a-doacao-falhou\/","url":"https:\/\/biogaia.pt\/pt-pt\/a-doacao-falhou\/","name":"A doa\u00e7\u00e3o falhou - Espace BioGaia","isPartOf":{"@id":"https:\/\/biogaia.pt\/pt-pt\/#website"},"datePublished":"2024-02-29T14:44:59+00:00","breadcrumb":{"@id":"https:\/\/biogaia.pt\/pt-pt\/a-doacao-falhou\/#breadcrumb"},"inLanguage":"pt-PT","potentialAction":[{"@type":"ReadAction","target":["https:\/\/biogaia.pt\/pt-pt\/a-doacao-falhou\/"]}]},{"@type":"BreadcrumbList","@id":"https:\/\/biogaia.pt\/pt-pt\/a-doacao-falhou\/#breadcrumb","itemListElement":[{"@type":"ListItem","position":1,"name":"In\u00edcio","item":"https:\/\/biogaia.pt\/pt-pt\/"},{"@type":"ListItem","position":2,"name":"A doa\u00e7\u00e3o falhou"}]},{"@type":"WebSite","@id":"https:\/\/biogaia.pt\/pt-pt\/#website","url":"https:\/\/biogaia.pt\/pt-pt\/","name":"Espace BioGaia","description":"","publisher":{"@id":"https:\/\/biogaia.pt\/pt-pt\/#organization"},"potentialAction":[{"@type":"SearchAction","target":{"@type":"EntryPoint","urlTemplate":"https:\/\/biogaia.pt\/pt-pt\/?s={search_term_string}"},"query-input":{"@type":"PropertyValueSpecification","valueRequired":true,"valueName":"search_term_string"}}],"inLanguage":"pt-PT"},{"@type":"Organization","@id":"https:\/\/biogaia.pt\/pt-pt\/#organization","name":"Espace BioGaia","url":"https:\/\/biogaia.pt\/pt-pt\/","logo":{"@type":"ImageObject","inLanguage":"pt-PT","@id":"https:\/\/biogaia.pt\/pt-pt\/#\/schema\/logo\/image\/","url":"https:\/\/biogaia.pt\/wp-content\/uploads\/2024\/04\/Logo-BioGaia-couleurs-rognee.png","contentUrl":"https:\/\/biogaia.pt\/wp-content\/uploads\/2024\/04\/Logo-BioGaia-couleurs-rognee.png","width":1306,"height":1224,"caption":"Espace BioGaia"},"image":{"@id":"https:\/\/biogaia.pt\/pt-pt\/#\/schema\/logo\/image\/"}}]}},"campaignId":"","jetpack_sharing_enabled":true,"_links":{"self":[{"href":"https:\/\/biogaia.pt\/pt-pt\/wp-json\/wp\/v2\/pages\/16764","targetHints":{"allow":["GET"]}}],"collection":[{"href":"https:\/\/biogaia.pt\/pt-pt\/wp-json\/wp\/v2\/pages"}],"about":[{"href":"https:\/\/biogaia.pt\/pt-pt\/wp-json\/wp\/v2\/types\/page"}],"author":[{"embeddable":true,"href":"https:\/\/biogaia.pt\/pt-pt\/wp-json\/wp\/v2\/users\/1"}],"replies":[{"embeddable":true,"href":"https:\/\/biogaia.pt\/pt-pt\/wp-json\/wp\/v2\/comments?post=16764"}],"version-history":[{"count":0,"href":"https:\/\/biogaia.pt\/pt-pt\/wp-json\/wp\/v2\/pages\/16764\/revisions"}],"wp:attachment":[{"href":"https:\/\/biogaia.pt\/pt-pt\/wp-json\/wp\/v2\/media?parent=16764"}],"curies":[{"name":"wp","href":"https:\/\/api.w.org\/{rel}","templated":true}]}}