{"id":16824,"date":"2021-05-05T18:47:06","date_gmt":"2021-05-05T18:47:06","guid":{"rendered":"https:\/\/biogaia.pt\/informacao-juridica\/"},"modified":"2024-06-06T09:23:17","modified_gmt":"2024-06-06T09:23:17","slug":"informacao-juridica","status":"publish","type":"page","link":"https:\/\/biogaia.pt\/pt-pt\/informacao-juridica\/","title":{"rendered":"Informa\u00e7\u00e3o jur\u00eddica"},"content":{"rendered":"\t\t<div data-elementor-type=\"wp-page\" data-elementor-id=\"16824\" class=\"elementor elementor-16824 elementor-3\" data-elementor-post-type=\"page\">\n\t\t\t\t\t\t<section class=\"elementor-section elementor-top-section elementor-element elementor-element-a4a84c2 elementor-section-stretched elementor-section-content-middle elementor-section-boxed elementor-section-height-default elementor-section-height-default\" data-id=\"a4a84c2\" data-element_type=\"section\" data-settings=\"{&quot;stretch_section&quot;:&quot;section-stretched&quot;,&quot;background_background&quot;:&quot;classic&quot;}\">\n\t\t\t\t\t\t\t<div class=\"elementor-background-overlay\"><\/div>\n\t\t\t\t\t\t\t<div class=\"elementor-container elementor-column-gap-default\">\n\t\t\t\t\t<div class=\"elementor-column elementor-col-100 elementor-top-column elementor-element elementor-element-b7ab86d\" data-id=\"b7ab86d\" data-element_type=\"column\">\n\t\t\t<div class=\"elementor-widget-wrap elementor-element-populated\">\n\t\t\t\t\t\t<div class=\"elementor-element elementor-element-50c07e8 elementor-widget elementor-widget-heading\" data-id=\"50c07e8\" data-element_type=\"widget\" data-widget_type=\"heading.default\">\n\t\t\t\t<div class=\"elementor-widget-container\">\n\t\t\t\t\t<h1 class=\"elementor-heading-title elementor-size-default\">Informa\u00e7\u00e3o jur\u00eddica<\/h1>\t\t\t\t<\/div>\n\t\t\t\t<\/div>\n\t\t\t\t\t<\/div>\n\t\t<\/div>\n\t\t\t\t\t<\/div>\n\t\t<\/section>\n\t\t\t\t<section class=\"elementor-section elementor-top-section elementor-element elementor-element-7e4f97dc elementor-section-boxed elementor-section-height-default elementor-section-height-default\" data-id=\"7e4f97dc\" data-element_type=\"section\">\n\t\t\t\t\t\t<div class=\"elementor-container elementor-column-gap-default\">\n\t\t\t\t\t<div class=\"elementor-column elementor-col-100 elementor-top-column elementor-element elementor-element-72bb2989\" data-id=\"72bb2989\" data-element_type=\"column\">\n\t\t\t<div class=\"elementor-widget-wrap elementor-element-populated\">\n\t\t\t\t\t\t<div class=\"elementor-element elementor-element-10485d48 elementor-widget elementor-widget-text-editor\" data-id=\"10485d48\" data-element_type=\"widget\" data-widget_type=\"text-editor.default\">\n\t\t\t\t<div class=\"elementor-widget-container\">\n\t\t\t\t\t\t\t\t\t<p><\/p>\n<h2>Informa\u00e7\u00e3o jur\u00eddica<\/h2>\n<div>\n<p>O site <a href=\"http:\/\/www.associations.gouv.fr\/\" target=\"_blank\" rel=\"external nofollow noopener\">biogaia.pt<\/a> e a associa\u00e7\u00e3o ARAA-PT oferecem-te a possibilidade de participares no projeto Biogaia atrav\u00e9s das nossas ac\u00e7\u00f5es no terreno, quer atrav\u00e9s de donativos em dinheiro, quer atrav\u00e9s do acolhimento de volunt\u00e1rios no local. O projeto incide na reconstru\u00e7\u00e3o e valoriza\u00e7\u00e3o de uma propriedade em Idanha-a-Nova e no desenvolvimento de um eco-local na regi\u00e3o centro de Portugal.<\/p>\n<\/div>\n<div>\n<div>\n<div> <\/div>\n<\/div>\n<h2>Informa\u00e7\u00e3o editorial<\/h2>\n<p><strong> <\/strong><\/p>\n<p><strong>Editora<\/strong><\/p>\n<p>Associa\u00e7\u00e3o Portuguesa ARAA-PT<\/p>\n<p>Vis\u00edvel em <a href=\"https:\/\/araa.pt\/\">https:\/\/araa.pt\/<\/a><\/p>\n<p>Centro Documental Raiano,<br>Centro Empresarial, Zona Industrial<br>6060-182 Idanha-a-Nova, PORTUGAL<\/p>\n<p> <\/p>\n<p> <\/p>\n<h2>Prote\u00e7\u00e3o e tratamento de dados pessoais<\/h2>\n<p> <\/p>\n<p><strong> <\/strong><\/p>\n<p><strong>Respeita a legisla\u00e7\u00e3o em vigor<\/strong><br>O site <a href=\"http:\/\/biogaia.pt\/\" target=\"_blank\" rel=\"external nofollow noopener\">biogaia.pt<\/a> respeita a privacidade dos utilizadores da Internet e cumpre rigorosamente as leis em vigor sobre a prote\u00e7\u00e3o da privacidade e das liberdades individuais. Nenhuma informa\u00e7\u00e3o pessoal \u00e9 recolhida sem o teu conhecimento. N\u00e3o s\u00e3o transmitidas informa\u00e7\u00f5es pessoais a terceiros. Os e-mails, endere\u00e7os electr\u00f3nicos e outras informa\u00e7\u00f5es pessoais recebidas por este site n\u00e3o s\u00e3o utilizados de forma alguma e s\u00e3o conservados apenas durante o tempo necess\u00e1rio para o seu processamento.<\/p>\n<p> <\/p>\n<p> <\/p>\n<p><strong>Direitos dos utilizadores da Internet: direito de acesso e de retifica\u00e7\u00e3o<\/strong><br>Comprometemo-nos a garantir que a recolha e o tratamento dos teus dados neste s\u00edtio Web cumprem o Regulamento Geral sobre a Prote\u00e7\u00e3o de Dados (RGPD) e a Lei Inform\u00e1tica e Liberdades.<\/p>\n<p> <\/p>\n<p> <\/p>\n<p><strong>Cookies<\/strong><br>Quando visitas o nosso site biogaia.pt, s\u00e3o colocados cookies no teu computador, telem\u00f3vel ou tablet.<br>Os \u00fanicos cookies utilizados pelo s\u00edtio s\u00e3o para fins de medi\u00e7\u00e3o de audi\u00eancias e n\u00e3o recolhem quaisquer dados pessoais. As ferramentas de medi\u00e7\u00e3o de audi\u00eancias s\u00e3o utilizadas para obter informa\u00e7\u00f5es sobre o comportamento de navega\u00e7\u00e3o dos visitantes. Em particular, permitem-nos compreender como os utilizadores chegam ao nosso s\u00edtio e reconstruir o seu percurso.<\/p>\n<p>Os dados gerados pelos cookies s\u00e3o transmitidos e armazenados por fornecedores de servi\u00e7os de medi\u00e7\u00e3o de audi\u00eancias. Os prestadores de servi\u00e7os de medi\u00e7\u00e3o de audi\u00eancias podem comunicar estes dados a terceiros em caso de obriga\u00e7\u00e3o legal ou quando estes terceiros tratam os dados por sua conta.<\/p>\n<ul role=\"list\">\n<li><strong>Defini\u00e7\u00e3o de um cookie<\/strong><br>Um cookie \u00e9 um ficheiro de texto colocado no teu computador quando visitas o nosso site ou v\u00eas um an\u00fancio. A sua finalidade \u00e9 recolher informa\u00e7\u00f5es relativas \u00e0 tua navega\u00e7\u00e3o e fornecer-te servi\u00e7os adaptados ao teu terminal (computador, telem\u00f3vel ou tablet). Os cookies s\u00e3o geridos pelo teu browser.<br>Na medida do poss\u00edvel, garantimos que os nossos prestadores de servi\u00e7os de medi\u00e7\u00e3o de audi\u00eancias cumprem rigorosamente a lei francesa de prote\u00e7\u00e3o de dados de 6 de janeiro de 1978, tal como alterada, e comprometem-se a aplicar medidas adequadas para garantir e proteger a confidencialidade dos dados.<\/li>\n<\/ul>\n<ul role=\"list\">\n<li><strong>Configurar o teu navegador Web<\/strong><br>Podes optar por desativar estes cookies a qualquer momento. O teu browser tamb\u00e9m pode ser configurado para te notificar quando s\u00e3o colocados cookies no teu computador e pedir-te que os aceites ou n\u00e3o. Podes aceitar ou recusar cookies caso a caso ou recus\u00e1-los sistematicamente.<br>Para que a gest\u00e3o dos cookies corresponda o mais poss\u00edvel \u00e0s tuas expectativas, convidamos-te a configurar o teu navegador de acordo com a finalidade dos cookies.<\/li>\n<\/ul>\n<h2> <\/h2>\n<h2>Direitos de autor e de reprodu\u00e7\u00e3o<\/h2>\n<p> <\/p>\n<p><strong> <\/strong><\/p>\n<p><strong>Direitos de reprodu\u00e7\u00e3o de documentos p\u00fablicos ou oficiais<\/strong><br>A informa\u00e7\u00e3o p\u00fablica do site <b>biogaia.pt<\/b> pode ser reutilizada para fins diferentes daqueles para que foi produzida, nomeadamente a informa\u00e7\u00e3o que \u00e9 de acesso p\u00fablico. Os documentos p\u00fablicos ou oficiais n\u00e3o est\u00e3o protegidos por direitos de autor, pelo que podem ser reproduzidos livremente. O grafismo, a iconografia e o conte\u00fado editorial permanecem propriedade de <b>biogaia.pt<\/b> e, como tal, est\u00e3o sujeitos \u00e0 prote\u00e7\u00e3o conferida pelo C\u00f3digo da Propriedade Intelectual franc\u00eas.  <b>Se for autorizada a reprodu\u00e7\u00e3o parcial ou total deste conte\u00fado, esta deve ser acompanhada do nome do autor, da fonte e, se for caso disso, de uma liga\u00e7\u00e3o ao documento original em linha no s\u00edtio<\/b>. Por conseguinte, deve ser indicada a men\u00e7\u00e3o &#8220;\u00a9 <a href=\"https:\/\/biogaia.pt\/pt-pt\/\" target=\"_blank\" rel=\"external nofollow noopener\">biogaia<\/a>.pt&#8221;. Todos os outros conte\u00fados do s\u00edtio est\u00e3o protegidos por direitos de autor. As informa\u00e7\u00f5es s\u00f3 podem ser utilizadas para fins pessoais, associativos ou profissionais; \u00e9 proibida qualquer distribui\u00e7\u00e3o ou utiliza\u00e7\u00e3o para fins comerciais ou publicit\u00e1rios.<\/p>\n<p> <\/p>\n<p> <\/p>\n<p><strong>Pedido de autoriza\u00e7\u00e3o para reproduzir o log\u00f3tipo<\/strong><br>Se, no \u00e2mbito de uma comunica\u00e7\u00e3o oficial, necessitares de utilizar o log\u00f3tipo <b>biogaia.pt<\/b> em qualquer suporte interno ou externo (brochuras, publica\u00e7\u00f5es, sites, etc.), envia o teu pedido atrav\u00e9s da nossa p\u00e1gina de contacto.<\/p>\n<p> <\/p>\n<p> <\/p>\n<p><strong>Pedido de autoriza\u00e7\u00e3o de reprodu\u00e7\u00e3o de conte\u00fados<\/strong><br>Qualquer c\u00f3pia parcial ou integral, em papel ou em formato eletr\u00f3nico, de p\u00e1ginas do s\u00edtio deve ser declarada ao webmaster.<\/p>\n<p>O pedido deve especificar o conte\u00fado em quest\u00e3o e a publica\u00e7\u00e3o ou o s\u00edtio Web em que ser\u00e1 publicado. Uma vez obtida a autoriza\u00e7\u00e3o, a reprodu\u00e7\u00e3o dos conte\u00fados deve respeitar os seguintes princ\u00edpios:<\/p>\n<ul role=\"list\">\n<li>distribui\u00e7\u00e3o gratuita ;<\/li>\n<li>respeita a integridade dos documentos reproduzidos (sem modifica\u00e7\u00e3o ou altera\u00e7\u00e3o de qualquer tipo);<\/li>\n<li>men\u00e7\u00e3o obrigat\u00f3ria: &#8220;\u00a9 <a href=\"https:\/\/biogaia.pt\/pt-pt\/\" target=\"_blank\" rel=\"external nofollow noopener\">biogaia.pt<\/a> &#8211; direitos reservados&#8221;. Uma liga\u00e7\u00e3o de hipertexto leva-te diretamente para o nosso site.<\/li>\n<\/ul>\n<p><strong>Cr\u00e9ditos fotogr\u00e1ficos e ilustra\u00e7\u00f5es<\/strong><br>Todas as fotografias do site s\u00e3o propriedade do <b>biogaia.pt<\/b> ou dos seus autores e s\u00e3o utilizadas com a sua gentil autoriza\u00e7\u00e3o para as fotografias utilizadas na p\u00e1gina inicial e em todas as outras p\u00e1ginas (salvo indica\u00e7\u00e3o em contr\u00e1rio).<\/p>\n<p> <\/p>\n<p> <\/p>\n<p><strong>Criar liga\u00e7\u00f5es para o s\u00edtio<\/strong><br>O s\u00edtio biogaia.pt permite, sem autoriza\u00e7\u00e3o pr\u00e9via, a cria\u00e7\u00e3o de liga\u00e7\u00f5es de hipertexto que apontem para as suas p\u00e1ginas, sob reserva de :<\/p>\n<ul role=\"list\">\n<li>n\u00e3o utilizar a t\u00e9cnica de deep link, ou seja, as p\u00e1ginas do s\u00edtio biogaia.pt n\u00e3o devem ser incorporadas nas p\u00e1ginas de outro s\u00edtio, mas devem ser vis\u00edveis abrindo uma janela independente ou outro separador.<\/li>\n<li>menciona a fonte atrav\u00e9s de uma liga\u00e7\u00e3o de hipertexto que aponte diretamente para o conte\u00fado em quest\u00e3o.<\/li>\n<li>n\u00e3o utilizar o log\u00f3tipo <b>BioGaia<\/b> sem autoriza\u00e7\u00e3o<\/li>\n<\/ul>\n<h2>Ambiente t\u00e9cnico<\/h2>\n<p> <\/p>\n<p>Este site \u00e9 melhor visualizado a 1920&#215;1080. Foi concebido para os principais browsers Microsoft Internet Explorer 9 (e superior), Google Chrome e Mozilla Firefox.<\/p>\n<\/div>\n<p><\/p>\t\t\t\t\t\t\t\t<\/div>\n\t\t\t\t<\/div>\n\t\t\t\t\t<\/div>\n\t\t<\/div>\n\t\t\t\t\t<\/div>\n\t\t<\/section>\n\t\t\t\t<\/div>\n\t\t","protected":false},"excerpt":{"rendered":"<p>Informa\u00e7\u00e3o jur\u00eddica Informa\u00e7\u00e3o jur\u00eddica O site biogaia.pt e a associa\u00e7\u00e3o ARAA-PT oferecem-te a possibilidade de participares no projeto Biogaia atrav\u00e9s das nossas ac\u00e7\u00f5es no terreno, quer atrav\u00e9s de donativos em [&hellip;]<\/p>\n","protected":false},"author":1,"featured_media":0,"parent":0,"menu_order":0,"comment_status":"closed","ping_status":"closed","template":"","meta":{"give_campaign_id":0,"footnotes":""},"class_list":["post-16824","page","type-page","status-publish","hentry"],"yoast_head":"<!-- This site is optimized with the Yoast SEO plugin v27.3 - https:\/\/yoast.com\/product\/yoast-seo-wordpress\/ -->\n<title>Informa\u00e7\u00e3o jur\u00eddica - Espace BioGaia<\/title>\n<meta name=\"robots\" content=\"index, follow, max-snippet:-1, max-image-preview:large, max-video-preview:-1\" \/>\n<link rel=\"canonical\" href=\"https:\/\/biogaia.pt\/pt-pt\/informacao-juridica\/\" \/>\n<meta property=\"og:locale\" content=\"pt_PT\" \/>\n<meta property=\"og:type\" content=\"article\" \/>\n<meta property=\"og:title\" content=\"Informa\u00e7\u00e3o jur\u00eddica - Espace BioGaia\" \/>\n<meta property=\"og:description\" content=\"Informa\u00e7\u00e3o jur\u00eddica Informa\u00e7\u00e3o jur\u00eddica O site biogaia.pt e a associa\u00e7\u00e3o ARAA-PT oferecem-te a possibilidade de participares no projeto Biogaia atrav\u00e9s das nossas ac\u00e7\u00f5es no terreno, quer atrav\u00e9s de donativos em [&hellip;]\" \/>\n<meta property=\"og:url\" content=\"https:\/\/biogaia.pt\/pt-pt\/informacao-juridica\/\" \/>\n<meta property=\"og:site_name\" content=\"Espace BioGaia\" \/>\n<meta property=\"article:modified_time\" content=\"2024-06-06T09:23:17+00:00\" \/>\n<meta name=\"twitter:card\" content=\"summary_large_image\" \/>\n<meta name=\"twitter:label1\" content=\"Tempo estimado de leitura\" \/>\n\t<meta name=\"twitter:data1\" content=\"5 minutos\" \/>\n<script type=\"application\/ld+json\" class=\"yoast-schema-graph\">{\"@context\":\"https:\\\/\\\/schema.org\",\"@graph\":[{\"@type\":\"WebPage\",\"@id\":\"https:\\\/\\\/biogaia.pt\\\/pt-pt\\\/informacao-juridica\\\/\",\"url\":\"https:\\\/\\\/biogaia.pt\\\/pt-pt\\\/informacao-juridica\\\/\",\"name\":\"Informa\u00e7\u00e3o jur\u00eddica - Espace BioGaia\",\"isPartOf\":{\"@id\":\"https:\\\/\\\/biogaia.pt\\\/pt-pt\\\/#website\"},\"datePublished\":\"2021-05-05T18:47:06+00:00\",\"dateModified\":\"2024-06-06T09:23:17+00:00\",\"breadcrumb\":{\"@id\":\"https:\\\/\\\/biogaia.pt\\\/pt-pt\\\/informacao-juridica\\\/#breadcrumb\"},\"inLanguage\":\"pt-PT\",\"potentialAction\":[{\"@type\":\"ReadAction\",\"target\":[\"https:\\\/\\\/biogaia.pt\\\/pt-pt\\\/informacao-juridica\\\/\"]}]},{\"@type\":\"BreadcrumbList\",\"@id\":\"https:\\\/\\\/biogaia.pt\\\/pt-pt\\\/informacao-juridica\\\/#breadcrumb\",\"itemListElement\":[{\"@type\":\"ListItem\",\"position\":1,\"name\":\"In\u00edcio\",\"item\":\"https:\\\/\\\/biogaia.pt\\\/pt-pt\\\/\"},{\"@type\":\"ListItem\",\"position\":2,\"name\":\"Informa\u00e7\u00e3o jur\u00eddica\"}]},{\"@type\":\"WebSite\",\"@id\":\"https:\\\/\\\/biogaia.pt\\\/pt-pt\\\/#website\",\"url\":\"https:\\\/\\\/biogaia.pt\\\/pt-pt\\\/\",\"name\":\"Espace BioGaia\",\"description\":\"\",\"publisher\":{\"@id\":\"https:\\\/\\\/biogaia.pt\\\/pt-pt\\\/#organization\"},\"potentialAction\":[{\"@type\":\"SearchAction\",\"target\":{\"@type\":\"EntryPoint\",\"urlTemplate\":\"https:\\\/\\\/biogaia.pt\\\/pt-pt\\\/?s={search_term_string}\"},\"query-input\":{\"@type\":\"PropertyValueSpecification\",\"valueRequired\":true,\"valueName\":\"search_term_string\"}}],\"inLanguage\":\"pt-PT\"},{\"@type\":\"Organization\",\"@id\":\"https:\\\/\\\/biogaia.pt\\\/pt-pt\\\/#organization\",\"name\":\"Espace BioGaia\",\"url\":\"https:\\\/\\\/biogaia.pt\\\/pt-pt\\\/\",\"logo\":{\"@type\":\"ImageObject\",\"inLanguage\":\"pt-PT\",\"@id\":\"https:\\\/\\\/biogaia.pt\\\/pt-pt\\\/#\\\/schema\\\/logo\\\/image\\\/\",\"url\":\"https:\\\/\\\/biogaia.pt\\\/wp-content\\\/uploads\\\/2024\\\/04\\\/Logo-BioGaia-couleurs-rognee.png\",\"contentUrl\":\"https:\\\/\\\/biogaia.pt\\\/wp-content\\\/uploads\\\/2024\\\/04\\\/Logo-BioGaia-couleurs-rognee.png\",\"width\":1306,\"height\":1224,\"caption\":\"Espace BioGaia\"},\"image\":{\"@id\":\"https:\\\/\\\/biogaia.pt\\\/pt-pt\\\/#\\\/schema\\\/logo\\\/image\\\/\"}}]}<\/script>\n<!-- \/ Yoast SEO plugin. -->","yoast_head_json":{"title":"Informa\u00e7\u00e3o jur\u00eddica - Espace BioGaia","robots":{"index":"index","follow":"follow","max-snippet":"max-snippet:-1","max-image-preview":"max-image-preview:large","max-video-preview":"max-video-preview:-1"},"canonical":"https:\/\/biogaia.pt\/pt-pt\/informacao-juridica\/","og_locale":"pt_PT","og_type":"article","og_title":"Informa\u00e7\u00e3o jur\u00eddica - Espace BioGaia","og_description":"Informa\u00e7\u00e3o jur\u00eddica Informa\u00e7\u00e3o jur\u00eddica O site biogaia.pt e a associa\u00e7\u00e3o ARAA-PT oferecem-te a possibilidade de participares no projeto Biogaia atrav\u00e9s das nossas ac\u00e7\u00f5es no terreno, quer atrav\u00e9s de donativos em [&hellip;]","og_url":"https:\/\/biogaia.pt\/pt-pt\/informacao-juridica\/","og_site_name":"Espace BioGaia","article_modified_time":"2024-06-06T09:23:17+00:00","twitter_card":"summary_large_image","twitter_misc":{"Tempo estimado de leitura":"5 minutos"},"schema":{"@context":"https:\/\/schema.org","@graph":[{"@type":"WebPage","@id":"https:\/\/biogaia.pt\/pt-pt\/informacao-juridica\/","url":"https:\/\/biogaia.pt\/pt-pt\/informacao-juridica\/","name":"Informa\u00e7\u00e3o jur\u00eddica - Espace BioGaia","isPartOf":{"@id":"https:\/\/biogaia.pt\/pt-pt\/#website"},"datePublished":"2021-05-05T18:47:06+00:00","dateModified":"2024-06-06T09:23:17+00:00","breadcrumb":{"@id":"https:\/\/biogaia.pt\/pt-pt\/informacao-juridica\/#breadcrumb"},"inLanguage":"pt-PT","potentialAction":[{"@type":"ReadAction","target":["https:\/\/biogaia.pt\/pt-pt\/informacao-juridica\/"]}]},{"@type":"BreadcrumbList","@id":"https:\/\/biogaia.pt\/pt-pt\/informacao-juridica\/#breadcrumb","itemListElement":[{"@type":"ListItem","position":1,"name":"In\u00edcio","item":"https:\/\/biogaia.pt\/pt-pt\/"},{"@type":"ListItem","position":2,"name":"Informa\u00e7\u00e3o jur\u00eddica"}]},{"@type":"WebSite","@id":"https:\/\/biogaia.pt\/pt-pt\/#website","url":"https:\/\/biogaia.pt\/pt-pt\/","name":"Espace BioGaia","description":"","publisher":{"@id":"https:\/\/biogaia.pt\/pt-pt\/#organization"},"potentialAction":[{"@type":"SearchAction","target":{"@type":"EntryPoint","urlTemplate":"https:\/\/biogaia.pt\/pt-pt\/?s={search_term_string}"},"query-input":{"@type":"PropertyValueSpecification","valueRequired":true,"valueName":"search_term_string"}}],"inLanguage":"pt-PT"},{"@type":"Organization","@id":"https:\/\/biogaia.pt\/pt-pt\/#organization","name":"Espace BioGaia","url":"https:\/\/biogaia.pt\/pt-pt\/","logo":{"@type":"ImageObject","inLanguage":"pt-PT","@id":"https:\/\/biogaia.pt\/pt-pt\/#\/schema\/logo\/image\/","url":"https:\/\/biogaia.pt\/wp-content\/uploads\/2024\/04\/Logo-BioGaia-couleurs-rognee.png","contentUrl":"https:\/\/biogaia.pt\/wp-content\/uploads\/2024\/04\/Logo-BioGaia-couleurs-rognee.png","width":1306,"height":1224,"caption":"Espace BioGaia"},"image":{"@id":"https:\/\/biogaia.pt\/pt-pt\/#\/schema\/logo\/image\/"}}]}},"campaignId":"","jetpack_sharing_enabled":true,"_links":{"self":[{"href":"https:\/\/biogaia.pt\/pt-pt\/wp-json\/wp\/v2\/pages\/16824","targetHints":{"allow":["GET"]}}],"collection":[{"href":"https:\/\/biogaia.pt\/pt-pt\/wp-json\/wp\/v2\/pages"}],"about":[{"href":"https:\/\/biogaia.pt\/pt-pt\/wp-json\/wp\/v2\/types\/page"}],"author":[{"embeddable":true,"href":"https:\/\/biogaia.pt\/pt-pt\/wp-json\/wp\/v2\/users\/1"}],"replies":[{"embeddable":true,"href":"https:\/\/biogaia.pt\/pt-pt\/wp-json\/wp\/v2\/comments?post=16824"}],"version-history":[{"count":3,"href":"https:\/\/biogaia.pt\/pt-pt\/wp-json\/wp\/v2\/pages\/16824\/revisions"}],"predecessor-version":[{"id":16832,"href":"https:\/\/biogaia.pt\/pt-pt\/wp-json\/wp\/v2\/pages\/16824\/revisions\/16832"}],"wp:attachment":[{"href":"https:\/\/biogaia.pt\/pt-pt\/wp-json\/wp\/v2\/media?parent=16824"}],"curies":[{"name":"wp","href":"https:\/\/api.w.org\/{rel}","templated":true}]}}