{"id":17475,"date":"2022-10-25T08:54:04","date_gmt":"2022-10-25T08:54:04","guid":{"rendered":"https:\/\/biogaia.pt\/produit\/defesa-contra-predadores\/"},"modified":"2022-10-25T08:54:04","modified_gmt":"2022-10-25T08:54:04","slug":"defesa-contra-predadores","status":"publish","type":"product","link":"https:\/\/biogaia.pt\/pt-pt\/produit\/defesa-contra-predadores\/","title":{"rendered":"Defesa contra predadores"},"content":{"rendered":"<p>Lorem ipsum dolor sit amet, consectetur adipiscing elit. Donec non mattis nulla, in ultrices diam. Curabitur nec pharetra nunc. Nunc nec pellentesque nisl. Ut non mauris bibendum nunc pharetra laoreet sed eget mauris. Donec eget fermentum libero, ac aliquet lectus. Aliquam erat volutpat. Fusce venenatis placerat euismod. Nulla aliquam sed ex et dictum. Integer laoreet nisl vitae urna vehicula, vitae iaculis leo pretium. Vivamus ultrices ullamcorper nunc, eu luctus sem ullamcorper nec. Aliquam malesuada mi aliquam ligula convallis commodo. Cras in ullamcorper nisl.           <\/p>\n","protected":false},"excerpt":{"rendered":"<p>Lorem ipsum dolor sit amet, consectetur adipiscing elit. Donec non mattis nulla, in ultrices diam. Curabitur nec pharetra nunc. Nunc nec pellentesque nisl. N\u00e3o te esque\u00e7as de que o teu filho est\u00e1 a ser tratado com cuidado. Aliquam erat volutpat. Fusce venenatis placerat euismod. Nulla aliquam sed ex et dictum. Integer laoreet nisl vitae urna vehicula, vitae iaculis leo.       <\/p>\n","protected":false},"featured_media":0,"comment_status":"open","ping_status":"closed","template":"","meta":{"give_campaign_id":0,"jetpack_publicize_message":"","jetpack_publicize_feature_enabled":true,"jetpack_social_post_already_shared":true,"jetpack_social_options":{"image_generator_settings":{"template":"highway","default_image_id":0,"font":"","enabled":false},"version":2}},"product_brand":[],"product_cat":[130],"product_tag":[131],"class_list":{"0":"post-17475","1":"product","2":"type-product","3":"status-publish","5":"product_cat-loja-de-caridade","6":"product_tag-camisas","8":"first","9":"instock","10":"shipping-taxable","11":"purchasable","12":"product-type-variable"},"yoast_head":"<!-- This site is optimized with the Yoast SEO plugin v27.4 - https:\/\/yoast.com\/product\/yoast-seo-wordpress\/ -->\n<title>Defesa contra predadores - Espace BioGaia<\/title>\n<meta name=\"robots\" content=\"index, follow, max-snippet:-1, max-image-preview:large, max-video-preview:-1\" \/>\n<link rel=\"canonical\" href=\"https:\/\/biogaia.pt\/pt-pt\/produit\/defesa-contra-predadores\/\" \/>\n<meta property=\"og:locale\" content=\"pt_PT\" \/>\n<meta property=\"og:type\" content=\"article\" \/>\n<meta property=\"og:title\" content=\"Defesa contra predadores - Espace BioGaia\" \/>\n<meta property=\"og:description\" content=\"Lorem ipsum dolor sit amet, consectetur adipiscing elit. Donec non mattis nulla, in ultrices diam. Curabitur nec pharetra nunc. Nunc nec pellentesque nisl. N\u00e3o te esque\u00e7as de que o teu filho est\u00e1 a ser tratado com cuidado. Aliquam erat volutpat. Fusce venenatis placerat euismod. Nulla aliquam sed ex et dictum. Integer laoreet nisl vitae urna vehicula, vitae iaculis leo.\" \/>\n<meta property=\"og:url\" content=\"https:\/\/biogaia.pt\/pt-pt\/produit\/defesa-contra-predadores\/\" \/>\n<meta property=\"og:site_name\" content=\"Espace BioGaia\" \/>\n<meta name=\"twitter:card\" content=\"summary_large_image\" \/>\n<script type=\"application\/ld+json\" class=\"yoast-schema-graph\">{\"@context\":\"https:\\\/\\\/schema.org\",\"@graph\":[{\"@type\":\"WebPage\",\"@id\":\"https:\\\/\\\/biogaia.pt\\\/pt-pt\\\/produit\\\/defesa-contra-predadores\\\/\",\"url\":\"https:\\\/\\\/biogaia.pt\\\/pt-pt\\\/produit\\\/defesa-contra-predadores\\\/\",\"name\":\"Defesa contra predadores - Espace BioGaia\",\"isPartOf\":{\"@id\":\"https:\\\/\\\/biogaia.pt\\\/pt-pt\\\/#website\"},\"datePublished\":\"2022-10-25T08:54:04+00:00\",\"breadcrumb\":{\"@id\":\"https:\\\/\\\/biogaia.pt\\\/pt-pt\\\/produit\\\/defesa-contra-predadores\\\/#breadcrumb\"},\"inLanguage\":\"pt-PT\",\"potentialAction\":[{\"@type\":\"ReadAction\",\"target\":[\"https:\\\/\\\/biogaia.pt\\\/pt-pt\\\/produit\\\/defesa-contra-predadores\\\/\"]}]},{\"@type\":\"BreadcrumbList\",\"@id\":\"https:\\\/\\\/biogaia.pt\\\/pt-pt\\\/produit\\\/defesa-contra-predadores\\\/#breadcrumb\",\"itemListElement\":[{\"@type\":\"ListItem\",\"position\":1,\"name\":\"In\u00edcio\",\"item\":\"https:\\\/\\\/biogaia.pt\\\/pt-pt\\\/\"},{\"@type\":\"ListItem\",\"position\":2,\"name\":\"Boutique\",\"item\":\"https:\\\/\\\/biogaia.pt\\\/boutique\\\/\"},{\"@type\":\"ListItem\",\"position\":3,\"name\":\"Defesa contra predadores\"}]},{\"@type\":\"WebSite\",\"@id\":\"https:\\\/\\\/biogaia.pt\\\/pt-pt\\\/#website\",\"url\":\"https:\\\/\\\/biogaia.pt\\\/pt-pt\\\/\",\"name\":\"Espace BioGaia\",\"description\":\"\",\"publisher\":{\"@id\":\"https:\\\/\\\/biogaia.pt\\\/pt-pt\\\/#organization\"},\"potentialAction\":[{\"@type\":\"SearchAction\",\"target\":{\"@type\":\"EntryPoint\",\"urlTemplate\":\"https:\\\/\\\/biogaia.pt\\\/pt-pt\\\/?s={search_term_string}\"},\"query-input\":{\"@type\":\"PropertyValueSpecification\",\"valueRequired\":true,\"valueName\":\"search_term_string\"}}],\"inLanguage\":\"pt-PT\"},{\"@type\":\"Organization\",\"@id\":\"https:\\\/\\\/biogaia.pt\\\/pt-pt\\\/#organization\",\"name\":\"Espace BioGaia\",\"url\":\"https:\\\/\\\/biogaia.pt\\\/pt-pt\\\/\",\"logo\":{\"@type\":\"ImageObject\",\"inLanguage\":\"pt-PT\",\"@id\":\"https:\\\/\\\/biogaia.pt\\\/pt-pt\\\/#\\\/schema\\\/logo\\\/image\\\/\",\"url\":\"https:\\\/\\\/biogaia.pt\\\/wp-content\\\/uploads\\\/2024\\\/04\\\/Logo-BioGaia-couleurs-rognee.png\",\"contentUrl\":\"https:\\\/\\\/biogaia.pt\\\/wp-content\\\/uploads\\\/2024\\\/04\\\/Logo-BioGaia-couleurs-rognee.png\",\"width\":1306,\"height\":1224,\"caption\":\"Espace BioGaia\"},\"image\":{\"@id\":\"https:\\\/\\\/biogaia.pt\\\/pt-pt\\\/#\\\/schema\\\/logo\\\/image\\\/\"}}]}<\/script>\n<!-- \/ Yoast SEO plugin. -->","yoast_head_json":{"title":"Defesa contra predadores - Espace BioGaia","robots":{"index":"index","follow":"follow","max-snippet":"max-snippet:-1","max-image-preview":"max-image-preview:large","max-video-preview":"max-video-preview:-1"},"canonical":"https:\/\/biogaia.pt\/pt-pt\/produit\/defesa-contra-predadores\/","og_locale":"pt_PT","og_type":"article","og_title":"Defesa contra predadores - Espace BioGaia","og_description":"Lorem ipsum dolor sit amet, consectetur adipiscing elit. Donec non mattis nulla, in ultrices diam. Curabitur nec pharetra nunc. Nunc nec pellentesque nisl. N\u00e3o te esque\u00e7as de que o teu filho est\u00e1 a ser tratado com cuidado. Aliquam erat volutpat. Fusce venenatis placerat euismod. Nulla aliquam sed ex et dictum. Integer laoreet nisl vitae urna vehicula, vitae iaculis leo.","og_url":"https:\/\/biogaia.pt\/pt-pt\/produit\/defesa-contra-predadores\/","og_site_name":"Espace BioGaia","twitter_card":"summary_large_image","schema":{"@context":"https:\/\/schema.org","@graph":[{"@type":"WebPage","@id":"https:\/\/biogaia.pt\/pt-pt\/produit\/defesa-contra-predadores\/","url":"https:\/\/biogaia.pt\/pt-pt\/produit\/defesa-contra-predadores\/","name":"Defesa contra predadores - Espace BioGaia","isPartOf":{"@id":"https:\/\/biogaia.pt\/pt-pt\/#website"},"datePublished":"2022-10-25T08:54:04+00:00","breadcrumb":{"@id":"https:\/\/biogaia.pt\/pt-pt\/produit\/defesa-contra-predadores\/#breadcrumb"},"inLanguage":"pt-PT","potentialAction":[{"@type":"ReadAction","target":["https:\/\/biogaia.pt\/pt-pt\/produit\/defesa-contra-predadores\/"]}]},{"@type":"BreadcrumbList","@id":"https:\/\/biogaia.pt\/pt-pt\/produit\/defesa-contra-predadores\/#breadcrumb","itemListElement":[{"@type":"ListItem","position":1,"name":"In\u00edcio","item":"https:\/\/biogaia.pt\/pt-pt\/"},{"@type":"ListItem","position":2,"name":"Boutique","item":"https:\/\/biogaia.pt\/boutique\/"},{"@type":"ListItem","position":3,"name":"Defesa contra predadores"}]},{"@type":"WebSite","@id":"https:\/\/biogaia.pt\/pt-pt\/#website","url":"https:\/\/biogaia.pt\/pt-pt\/","name":"Espace BioGaia","description":"","publisher":{"@id":"https:\/\/biogaia.pt\/pt-pt\/#organization"},"potentialAction":[{"@type":"SearchAction","target":{"@type":"EntryPoint","urlTemplate":"https:\/\/biogaia.pt\/pt-pt\/?s={search_term_string}"},"query-input":{"@type":"PropertyValueSpecification","valueRequired":true,"valueName":"search_term_string"}}],"inLanguage":"pt-PT"},{"@type":"Organization","@id":"https:\/\/biogaia.pt\/pt-pt\/#organization","name":"Espace BioGaia","url":"https:\/\/biogaia.pt\/pt-pt\/","logo":{"@type":"ImageObject","inLanguage":"pt-PT","@id":"https:\/\/biogaia.pt\/pt-pt\/#\/schema\/logo\/image\/","url":"https:\/\/biogaia.pt\/wp-content\/uploads\/2024\/04\/Logo-BioGaia-couleurs-rognee.png","contentUrl":"https:\/\/biogaia.pt\/wp-content\/uploads\/2024\/04\/Logo-BioGaia-couleurs-rognee.png","width":1306,"height":1224,"caption":"Espace BioGaia"},"image":{"@id":"https:\/\/biogaia.pt\/pt-pt\/#\/schema\/logo\/image\/"}}]}},"jetpack_publicize_connections":[],"jetpack_sharing_enabled":true,"_links":{"self":[{"href":"https:\/\/biogaia.pt\/pt-pt\/wp-json\/wp\/v2\/product\/17475","targetHints":{"allow":["GET"]}}],"collection":[{"href":"https:\/\/biogaia.pt\/pt-pt\/wp-json\/wp\/v2\/product"}],"about":[{"href":"https:\/\/biogaia.pt\/pt-pt\/wp-json\/wp\/v2\/types\/product"}],"replies":[{"embeddable":true,"href":"https:\/\/biogaia.pt\/pt-pt\/wp-json\/wp\/v2\/comments?post=17475"}],"wp:attachment":[{"href":"https:\/\/biogaia.pt\/pt-pt\/wp-json\/wp\/v2\/media?parent=17475"}],"wp:term":[{"taxonomy":"product_brand","embeddable":true,"href":"https:\/\/biogaia.pt\/pt-pt\/wp-json\/wp\/v2\/product_brand?post=17475"},{"taxonomy":"product_cat","embeddable":true,"href":"https:\/\/biogaia.pt\/pt-pt\/wp-json\/wp\/v2\/product_cat?post=17475"},{"taxonomy":"product_tag","embeddable":true,"href":"https:\/\/biogaia.pt\/pt-pt\/wp-json\/wp\/v2\/product_tag?post=17475"}],"curies":[{"name":"wp","href":"https:\/\/api.w.org\/{rel}","templated":true}]}}