{"id":17481,"date":"2022-10-25T08:53:56","date_gmt":"2022-10-25T08:53:56","guid":{"rendered":"https:\/\/biogaia.pt\/produit\/parceiros-paws\/"},"modified":"2022-10-25T08:53:56","modified_gmt":"2022-10-25T08:53:56","slug":"parceiros-paws","status":"publish","type":"product","link":"https:\/\/biogaia.pt\/pt-pt\/produit\/parceiros-paws\/","title":{"rendered":"Parceiros Paws"},"content":{"rendered":"<p>Lorem ipsum dolor sit amet, consectetur adipiscing elit. N\u00e3o te esque\u00e7as de que a tua vida \u00e9 uma vida de trabalho. Curabitur nec pharetra nunc. N\u00e3o te esque\u00e7as de que a tua vida \u00e9 uma quest\u00e3o de sorte. Ut non mauris bibendum nunc pharetra laoreet sed eget mauris. N\u00e3o te esque\u00e7as de que a tua vida \u00e9 uma vida de trabalho, e que a tua vida \u00e9 uma vida de trabalho. N\u00e3o te esque\u00e7as de que a tua m\u00e3e \u00e9 uma mulher de fam\u00edlia. N\u00e3o te esque\u00e7as de que o teu filho est\u00e1 a ser tratado como um homem. Nulla aliquam sed ex et dictum. N\u00e3o te esque\u00e7as de que a tua vida \u00e9 uma realidade, e que a tua vida \u00e9 uma realidade. Vivamus ultrices ullamcorper nunc, eu luctus sem ullamcorper nec. N\u00e3o te esque\u00e7as de que a tua m\u00e3e \u00e9 uma mulher de fam\u00edlia. N\u00e3o te preocupes.<\/p>\n","protected":false},"excerpt":{"rendered":"<p>Lorem ipsum dolor sit amet, consectetur adipiscing elit. N\u00e3o te esque\u00e7as de que o teu nome \u00e9 um nome de fam\u00edlia. Curabitur nec pharetra nunc. N\u00e3o te esque\u00e7as de que a tua vida \u00e9 uma quest\u00e3o de sorte. N\u00e3o te esque\u00e7as de que a tua vida \u00e9 uma vida de trabalho. N\u00e3o te esque\u00e7as de que a tua m\u00e3e est\u00e1 a fazer o mesmo. N\u00e3o te esque\u00e7as de que o teu filho est\u00e1 a ser tratado como um homem. Nulla aliquam sed ex et dictum. N\u00e3o te esque\u00e7as de que a tua vida \u00e9 uma realidade, e que a tua vida \u00e9 uma realidade.<\/p>\n","protected":false},"featured_media":16116,"comment_status":"open","ping_status":"closed","template":"","meta":{"give_campaign_id":0,"jetpack_publicize_message":"","jetpack_publicize_feature_enabled":true,"jetpack_social_post_already_shared":true,"jetpack_social_options":{"image_generator_settings":{"template":"highway","default_image_id":0,"font":"","enabled":false},"version":2}},"product_brand":[],"product_cat":[130],"product_tag":[131],"class_list":{"0":"post-17481","1":"product","2":"type-product","3":"status-publish","4":"has-post-thumbnail","6":"product_cat-loja-de-caridade","7":"product_tag-camisas","9":"first","10":"instock","11":"shipping-taxable","12":"purchasable","13":"product-type-variable"},"yoast_head":"<!-- This site is optimized with the Yoast SEO plugin v27.4 - https:\/\/yoast.com\/product\/yoast-seo-wordpress\/ -->\n<title>Parceiros Paws - Espace BioGaia<\/title>\n<meta name=\"robots\" content=\"index, follow, max-snippet:-1, max-image-preview:large, max-video-preview:-1\" \/>\n<link rel=\"canonical\" href=\"https:\/\/biogaia.pt\/pt-pt\/produit\/parceiros-paws\/\" \/>\n<meta property=\"og:locale\" content=\"pt_PT\" \/>\n<meta property=\"og:type\" content=\"article\" \/>\n<meta property=\"og:title\" content=\"Parceiros Paws - Espace BioGaia\" \/>\n<meta property=\"og:description\" content=\"Lorem ipsum dolor sit amet, consectetur adipiscing elit. N\u00e3o te esque\u00e7as de que o teu nome \u00e9 um nome de fam\u00edlia. Curabitur nec pharetra nunc. N\u00e3o te esque\u00e7as de que a tua vida \u00e9 uma quest\u00e3o de sorte. N\u00e3o te esque\u00e7as de que a tua vida \u00e9 uma vida de trabalho. N\u00e3o te esque\u00e7as de que a tua m\u00e3e est\u00e1 a fazer o mesmo. N\u00e3o te esque\u00e7as de que o teu filho est\u00e1 a ser tratado como um homem. Nulla aliquam sed ex et dictum. N\u00e3o te esque\u00e7as de que a tua vida \u00e9 uma realidade, e que a tua vida \u00e9 uma realidade.\" \/>\n<meta property=\"og:url\" content=\"https:\/\/biogaia.pt\/pt-pt\/produit\/parceiros-paws\/\" \/>\n<meta property=\"og:site_name\" content=\"Espace BioGaia\" \/>\n<meta name=\"twitter:card\" content=\"summary_large_image\" \/>\n<meta name=\"twitter:label1\" content=\"Tempo estimado de leitura\" \/>\n\t<meta name=\"twitter:data1\" content=\"1 minuto\" \/>\n<script type=\"application\/ld+json\" class=\"yoast-schema-graph\">{\"@context\":\"https:\\\/\\\/schema.org\",\"@graph\":[{\"@type\":\"WebPage\",\"@id\":\"https:\\\/\\\/biogaia.pt\\\/pt-pt\\\/produit\\\/parceiros-paws\\\/\",\"url\":\"https:\\\/\\\/biogaia.pt\\\/pt-pt\\\/produit\\\/parceiros-paws\\\/\",\"name\":\"Parceiros Paws - Espace BioGaia\",\"isPartOf\":{\"@id\":\"https:\\\/\\\/biogaia.pt\\\/pt-pt\\\/#website\"},\"primaryImageOfPage\":{\"@id\":\"https:\\\/\\\/biogaia.pt\\\/pt-pt\\\/produit\\\/parceiros-paws\\\/#primaryimage\"},\"image\":{\"@id\":\"https:\\\/\\\/biogaia.pt\\\/pt-pt\\\/produit\\\/parceiros-paws\\\/#primaryimage\"},\"thumbnailUrl\":\"https:\\\/\\\/biogaia.pt\\\/wp-content\\\/uploads\\\/2022\\\/10\\\/shop-2.jpg\",\"datePublished\":\"2022-10-25T08:53:56+00:00\",\"breadcrumb\":{\"@id\":\"https:\\\/\\\/biogaia.pt\\\/pt-pt\\\/produit\\\/parceiros-paws\\\/#breadcrumb\"},\"inLanguage\":\"pt-PT\",\"potentialAction\":[{\"@type\":\"ReadAction\",\"target\":[\"https:\\\/\\\/biogaia.pt\\\/pt-pt\\\/produit\\\/parceiros-paws\\\/\"]}]},{\"@type\":\"ImageObject\",\"inLanguage\":\"pt-PT\",\"@id\":\"https:\\\/\\\/biogaia.pt\\\/pt-pt\\\/produit\\\/parceiros-paws\\\/#primaryimage\",\"url\":\"https:\\\/\\\/biogaia.pt\\\/wp-content\\\/uploads\\\/2022\\\/10\\\/shop-2.jpg\",\"contentUrl\":\"https:\\\/\\\/biogaia.pt\\\/wp-content\\\/uploads\\\/2022\\\/10\\\/shop-2.jpg\",\"width\":400,\"height\":400},{\"@type\":\"BreadcrumbList\",\"@id\":\"https:\\\/\\\/biogaia.pt\\\/pt-pt\\\/produit\\\/parceiros-paws\\\/#breadcrumb\",\"itemListElement\":[{\"@type\":\"ListItem\",\"position\":1,\"name\":\"In\u00edcio\",\"item\":\"https:\\\/\\\/biogaia.pt\\\/pt-pt\\\/\"},{\"@type\":\"ListItem\",\"position\":2,\"name\":\"Boutique\",\"item\":\"https:\\\/\\\/biogaia.pt\\\/boutique\\\/\"},{\"@type\":\"ListItem\",\"position\":3,\"name\":\"Parceiros Paws\"}]},{\"@type\":\"WebSite\",\"@id\":\"https:\\\/\\\/biogaia.pt\\\/pt-pt\\\/#website\",\"url\":\"https:\\\/\\\/biogaia.pt\\\/pt-pt\\\/\",\"name\":\"Espace BioGaia\",\"description\":\"\",\"publisher\":{\"@id\":\"https:\\\/\\\/biogaia.pt\\\/pt-pt\\\/#organization\"},\"potentialAction\":[{\"@type\":\"SearchAction\",\"target\":{\"@type\":\"EntryPoint\",\"urlTemplate\":\"https:\\\/\\\/biogaia.pt\\\/pt-pt\\\/?s={search_term_string}\"},\"query-input\":{\"@type\":\"PropertyValueSpecification\",\"valueRequired\":true,\"valueName\":\"search_term_string\"}}],\"inLanguage\":\"pt-PT\"},{\"@type\":\"Organization\",\"@id\":\"https:\\\/\\\/biogaia.pt\\\/pt-pt\\\/#organization\",\"name\":\"Espace BioGaia\",\"url\":\"https:\\\/\\\/biogaia.pt\\\/pt-pt\\\/\",\"logo\":{\"@type\":\"ImageObject\",\"inLanguage\":\"pt-PT\",\"@id\":\"https:\\\/\\\/biogaia.pt\\\/pt-pt\\\/#\\\/schema\\\/logo\\\/image\\\/\",\"url\":\"https:\\\/\\\/biogaia.pt\\\/wp-content\\\/uploads\\\/2024\\\/04\\\/Logo-BioGaia-couleurs-rognee.png\",\"contentUrl\":\"https:\\\/\\\/biogaia.pt\\\/wp-content\\\/uploads\\\/2024\\\/04\\\/Logo-BioGaia-couleurs-rognee.png\",\"width\":1306,\"height\":1224,\"caption\":\"Espace BioGaia\"},\"image\":{\"@id\":\"https:\\\/\\\/biogaia.pt\\\/pt-pt\\\/#\\\/schema\\\/logo\\\/image\\\/\"}}]}<\/script>\n<!-- \/ Yoast SEO plugin. -->","yoast_head_json":{"title":"Parceiros Paws - Espace BioGaia","robots":{"index":"index","follow":"follow","max-snippet":"max-snippet:-1","max-image-preview":"max-image-preview:large","max-video-preview":"max-video-preview:-1"},"canonical":"https:\/\/biogaia.pt\/pt-pt\/produit\/parceiros-paws\/","og_locale":"pt_PT","og_type":"article","og_title":"Parceiros Paws - Espace BioGaia","og_description":"Lorem ipsum dolor sit amet, consectetur adipiscing elit. N\u00e3o te esque\u00e7as de que o teu nome \u00e9 um nome de fam\u00edlia. Curabitur nec pharetra nunc. N\u00e3o te esque\u00e7as de que a tua vida \u00e9 uma quest\u00e3o de sorte. N\u00e3o te esque\u00e7as de que a tua vida \u00e9 uma vida de trabalho. N\u00e3o te esque\u00e7as de que a tua m\u00e3e est\u00e1 a fazer o mesmo. N\u00e3o te esque\u00e7as de que o teu filho est\u00e1 a ser tratado como um homem. Nulla aliquam sed ex et dictum. N\u00e3o te esque\u00e7as de que a tua vida \u00e9 uma realidade, e que a tua vida \u00e9 uma realidade.","og_url":"https:\/\/biogaia.pt\/pt-pt\/produit\/parceiros-paws\/","og_site_name":"Espace BioGaia","twitter_card":"summary_large_image","twitter_misc":{"Tempo estimado de leitura":"1 minuto"},"schema":{"@context":"https:\/\/schema.org","@graph":[{"@type":"WebPage","@id":"https:\/\/biogaia.pt\/pt-pt\/produit\/parceiros-paws\/","url":"https:\/\/biogaia.pt\/pt-pt\/produit\/parceiros-paws\/","name":"Parceiros Paws - Espace BioGaia","isPartOf":{"@id":"https:\/\/biogaia.pt\/pt-pt\/#website"},"primaryImageOfPage":{"@id":"https:\/\/biogaia.pt\/pt-pt\/produit\/parceiros-paws\/#primaryimage"},"image":{"@id":"https:\/\/biogaia.pt\/pt-pt\/produit\/parceiros-paws\/#primaryimage"},"thumbnailUrl":"https:\/\/biogaia.pt\/wp-content\/uploads\/2022\/10\/shop-2.jpg","datePublished":"2022-10-25T08:53:56+00:00","breadcrumb":{"@id":"https:\/\/biogaia.pt\/pt-pt\/produit\/parceiros-paws\/#breadcrumb"},"inLanguage":"pt-PT","potentialAction":[{"@type":"ReadAction","target":["https:\/\/biogaia.pt\/pt-pt\/produit\/parceiros-paws\/"]}]},{"@type":"ImageObject","inLanguage":"pt-PT","@id":"https:\/\/biogaia.pt\/pt-pt\/produit\/parceiros-paws\/#primaryimage","url":"https:\/\/biogaia.pt\/wp-content\/uploads\/2022\/10\/shop-2.jpg","contentUrl":"https:\/\/biogaia.pt\/wp-content\/uploads\/2022\/10\/shop-2.jpg","width":400,"height":400},{"@type":"BreadcrumbList","@id":"https:\/\/biogaia.pt\/pt-pt\/produit\/parceiros-paws\/#breadcrumb","itemListElement":[{"@type":"ListItem","position":1,"name":"In\u00edcio","item":"https:\/\/biogaia.pt\/pt-pt\/"},{"@type":"ListItem","position":2,"name":"Boutique","item":"https:\/\/biogaia.pt\/boutique\/"},{"@type":"ListItem","position":3,"name":"Parceiros Paws"}]},{"@type":"WebSite","@id":"https:\/\/biogaia.pt\/pt-pt\/#website","url":"https:\/\/biogaia.pt\/pt-pt\/","name":"Espace BioGaia","description":"","publisher":{"@id":"https:\/\/biogaia.pt\/pt-pt\/#organization"},"potentialAction":[{"@type":"SearchAction","target":{"@type":"EntryPoint","urlTemplate":"https:\/\/biogaia.pt\/pt-pt\/?s={search_term_string}"},"query-input":{"@type":"PropertyValueSpecification","valueRequired":true,"valueName":"search_term_string"}}],"inLanguage":"pt-PT"},{"@type":"Organization","@id":"https:\/\/biogaia.pt\/pt-pt\/#organization","name":"Espace BioGaia","url":"https:\/\/biogaia.pt\/pt-pt\/","logo":{"@type":"ImageObject","inLanguage":"pt-PT","@id":"https:\/\/biogaia.pt\/pt-pt\/#\/schema\/logo\/image\/","url":"https:\/\/biogaia.pt\/wp-content\/uploads\/2024\/04\/Logo-BioGaia-couleurs-rognee.png","contentUrl":"https:\/\/biogaia.pt\/wp-content\/uploads\/2024\/04\/Logo-BioGaia-couleurs-rognee.png","width":1306,"height":1224,"caption":"Espace BioGaia"},"image":{"@id":"https:\/\/biogaia.pt\/pt-pt\/#\/schema\/logo\/image\/"}}]}},"jetpack_publicize_connections":[],"jetpack_sharing_enabled":true,"_links":{"self":[{"href":"https:\/\/biogaia.pt\/pt-pt\/wp-json\/wp\/v2\/product\/17481","targetHints":{"allow":["GET"]}}],"collection":[{"href":"https:\/\/biogaia.pt\/pt-pt\/wp-json\/wp\/v2\/product"}],"about":[{"href":"https:\/\/biogaia.pt\/pt-pt\/wp-json\/wp\/v2\/types\/product"}],"replies":[{"embeddable":true,"href":"https:\/\/biogaia.pt\/pt-pt\/wp-json\/wp\/v2\/comments?post=17481"}],"wp:featuredmedia":[{"embeddable":true,"href":"https:\/\/biogaia.pt\/pt-pt\/wp-json\/wp\/v2\/media\/16116"}],"wp:attachment":[{"href":"https:\/\/biogaia.pt\/pt-pt\/wp-json\/wp\/v2\/media?parent=17481"}],"wp:term":[{"taxonomy":"product_brand","embeddable":true,"href":"https:\/\/biogaia.pt\/pt-pt\/wp-json\/wp\/v2\/product_brand?post=17481"},{"taxonomy":"product_cat","embeddable":true,"href":"https:\/\/biogaia.pt\/pt-pt\/wp-json\/wp\/v2\/product_cat?post=17481"},{"taxonomy":"product_tag","embeddable":true,"href":"https:\/\/biogaia.pt\/pt-pt\/wp-json\/wp\/v2\/product_tag?post=17481"}],"curies":[{"name":"wp","href":"https:\/\/api.w.org\/{rel}","templated":true}]}}